{"id":1040,"date":"2021-03-03T13:18:09","date_gmt":"2021-03-03T13:18:09","guid":{"rendered":"http:\/\/yerdenizkooperatifi.org\/?page_id=1040"},"modified":"2026-02-17T14:30:53","modified_gmt":"2026-02-17T14:30:53","slug":"goztepe-kooperatifi","status":"publish","type":"page","link":"https:\/\/yerdenizkooperatifi.org\/index.php\/yasami-birlikte-orgutluyoruz\/goztepe-kooperatifi\/","title":{"rendered":"G\u00f6ztepe Kooperatifi"},"content":{"rendered":"\n<section id=\"g651a65\" class=\"wp-block-gutentor-p4 section-g651a65 gutentor-post-module gutentor-advanced-post-module\" data-gpid=\"1040\" data-l-ani=\"gp4-animation-1\" data-i-b=\"gutentor\/p1\" data-maxnumpages=\"2\">\n<div id=\"section-ga4c2af\" class=\"wp-block-gutentor-e16 section-ga4c2af gutentor-element gutentor-post-header\"><div class=\"grid-container\"><div class=\"grid-row\">\n<div id=\"col-gm11e472\" class=\"wp-block-gutentor-e15 gutentor-single-column  grid-lg-5 grid-md-5 grid-5\"><div id=\"section-gm11e472\" class=\"section-gm11e472 gutentor-col-wrap\"><\/div><\/div>\n\n\n\n<div id=\"col-gm6604c3\" class=\"wp-block-gutentor-e15 gutentor-single-column  grid-lg-5 grid-md-5 grid-5\"><div id=\"section-gm6604c3\" class=\"section-gm6604c3 gutentor-col-wrap\"><\/div><\/div>\n\n\n\n<div id=\"col-gmebb390\" class=\"wp-block-gutentor-e15 gutentor-single-column  grid-lg-2 grid-md-2 grid-2\"><div id=\"section-gmebb390\" class=\"section-gmebb390 gutentor-col-wrap\"><\/div><\/div>\n<\/div><\/div><\/div>\n\n\n<section class=\"gutentor-post-module section-7725c104-40f0-498a-a6f8-05e43a4f858f gutentor-post-module-p1 gutentor_p1_template1 gutentor-blog-list\" id=\"7725c104-40f0-498a-a6f8-05e43a4f858f\" data-gbid=\"7725c104-40f0-498a-a6f8-05e43a4f858f\" >\n<div class='grid-container'><div class='grid-row' ><article class='gutentor-post'><div class=\"gutentor-post-item\"><div class=\"gutentor-post-image-box\"><div class=\"gutentor-image-thumb\"><img width=\"1001\" height=\"688\" src=\"https:\/\/yerdenizkooperatifi.org\/wp-content\/uploads\/2023\/08\/resim1.png\" class=\"attachment-full size-full wp-post-image\" alt=\"\" loading=\"lazy\" srcset=\"https:\/\/yerdenizkooperatifi.org\/wp-content\/uploads\/2023\/08\/resim1.png 1001w, https:\/\/yerdenizkooperatifi.org\/wp-content\/uploads\/2023\/08\/resim1-531x365.png 531w, https:\/\/yerdenizkooperatifi.org\/wp-content\/uploads\/2023\/08\/resim1-840x577.png 840w, https:\/\/yerdenizkooperatifi.org\/wp-content\/uploads\/2023\/08\/resim1-768x528.png 768w\" sizes=\"(max-width: 1001px) 100vw, 1001px\" \/><\/div><\/div><div class=\"gutentor-post-content\"><div class=\"gutentor-post-title-data-wrap\"><h3 class=\"gutentor-post-title\"><a href=\"https:\/\/yerdenizkooperatifi.org\/index.php\/2023\/08\/24\/geziden-kooperatiflere-bir-dayanisma-ekonomisi-orgutlenme-deneyimi\/\" rel=\"bookmark\">Gezi&#8217;den Kooperatiflere Bir Dayan\u0131\u015fma Ekonomisi \u00d6rg\u00fctlenme Deneyimi<\/a><\/h3><\/div><div class=\"gutentor-entry-meta gutentor-entry-meta-primary\"><div class=\"author vcard\"><i class=\"far fa-user\"><\/i><a href=\"https:\/\/yerdenizkooperatifi.org\/index.php\/2023\/08\/24\/geziden-kooperatiflere-bir-dayanisma-ekonomisi-orgutlenme-deneyimi\/\" rel=\"bookmark\">admin<\/a><\/div><div class=\"posted-on\"><i class=\"far fa-calendar-alt\"><\/i><a href=\"https:\/\/yerdenizkooperatifi.org\/index.php\/2023\/08\/24\/geziden-kooperatiflere-bir-dayanisma-ekonomisi-orgutlenme-deneyimi\/\" rel=\"bookmark\">A\u011fustos 24, 2023<\/a><\/div><div class=\"gutentor-meta-categories\"><i class=\"fas fa-tags\"><\/i><a href=\"https:\/\/yerdenizkooperatifi.org\/index.php\/category\/goztepe-kooperatifi\/\" rel=\"category tag\">G\u00f6ztepe Kooperatifi<\/a>, <a href=\"https:\/\/yerdenizkooperatifi.org\/index.php\/category\/haberler\/\" rel=\"category tag\">Haberler<\/a>, <a href=\"https:\/\/yerdenizkooperatifi.org\/index.php\/category\/kuzguncuk-kooperatifi\/\" rel=\"category tag\">Kuzguncuk Kooperatifi<\/a><\/div><\/div><div class=\"gutentor-post-desc\">By :&nbsp;Yerdeniz Kooperatifi\n\n\n\n\n\n\n\n10. Y\u0131l\u0131nda Gezi Direni\u015fi\u2019ni and\u0131\u011f\u0131m\u0131z bug\u00fcnlerde, direni\u015fle b&hellip;<\/div><a class=\"gutentor-button gutentor-post-button\"  href=\"https:\/\/yerdenizkooperatifi.org\/index.php\/2023\/08\/24\/geziden-kooperatiflere-bir-dayanisma-ekonomisi-orgutlenme-deneyimi\/\" href=\"https:\/\/yerdenizkooperatifi.org\/index.php\/2023\/08\/24\/geziden-kooperatiflere-bir-dayanisma-ekonomisi-orgutlenme-deneyimi\/\"><span>Read More<\/span><\/a><\/div><\/div><\/article><article class='gutentor-post'><div class=\"gutentor-post-item\"><div class=\"gutentor-post-image-box\"><div class=\"gutentor-image-thumb\"><img width=\"1015\" height=\"571\" src=\"https:\/\/yerdenizkooperatifi.org\/wp-content\/uploads\/2021\/01\/aysun1-1.jpg\" class=\"attachment-full size-full wp-post-image\" alt=\"\" loading=\"lazy\" srcset=\"https:\/\/yerdenizkooperatifi.org\/wp-content\/uploads\/2021\/01\/aysun1-1.jpg 1015w, https:\/\/yerdenizkooperatifi.org\/wp-content\/uploads\/2021\/01\/aysun1-1-649x365.jpg 649w, https:\/\/yerdenizkooperatifi.org\/wp-content\/uploads\/2021\/01\/aysun1-1-840x473.jpg 840w, https:\/\/yerdenizkooperatifi.org\/wp-content\/uploads\/2021\/01\/aysun1-1-500x280.jpg 500w, https:\/\/yerdenizkooperatifi.org\/wp-content\/uploads\/2021\/01\/aysun1-1-768x432.jpg 768w\" sizes=\"(max-width: 1015px) 100vw, 1015px\" \/><\/div><\/div><div class=\"gutentor-post-content\"><div class=\"gutentor-post-title-data-wrap\"><h3 class=\"gutentor-post-title\"><a href=\"https:\/\/yerdenizkooperatifi.org\/index.php\/2020\/02\/23\/aysun-sokmen\/\" rel=\"bookmark\">Aysun S\u00f6kmen \u0130le S\u00fct \u00dcretimini Konu\u015ftuk<\/a><\/h3><\/div><div class=\"gutentor-entry-meta gutentor-entry-meta-primary\"><div class=\"author vcard\"><i class=\"far fa-user\"><\/i><a href=\"https:\/\/yerdenizkooperatifi.org\/index.php\/2020\/02\/23\/aysun-sokmen\/\" rel=\"bookmark\">admin<\/a><\/div><div class=\"posted-on\"><i class=\"far fa-calendar-alt\"><\/i><a href=\"https:\/\/yerdenizkooperatifi.org\/index.php\/2020\/02\/23\/aysun-sokmen\/\" rel=\"bookmark\">\u015eubat 23, 2020<\/a><\/div><div class=\"gutentor-meta-categories\"><i class=\"fas fa-tags\"><\/i><a href=\"https:\/\/yerdenizkooperatifi.org\/index.php\/category\/goztepe-kooperatifi\/etkinlikler-goztepe-kooperatifi\/\" rel=\"category tag\">Etkinlikler<\/a>, <a href=\"https:\/\/yerdenizkooperatifi.org\/index.php\/category\/etkinlikler\/gida-soylesileri\/\" rel=\"category tag\">G\u0131da S\u00f6yle\u015fileri<\/a><\/div><\/div><div class=\"gutentor-post-desc\">G\u00fcnd\u00f6n\u00fcm\u00fc \u00c7iftli\u011fi k\u0131rsalda yeni bir ya\u015fam ve \u00fcretim alan\u0131 olu\u015fturmak amac\u0131yla 2000 y\u0131l\u0131nda Silivri &hellip;<\/div><a class=\"gutentor-button gutentor-post-button\"  href=\"https:\/\/yerdenizkooperatifi.org\/index.php\/2020\/02\/23\/aysun-sokmen\/\" href=\"https:\/\/yerdenizkooperatifi.org\/index.php\/2020\/02\/23\/aysun-sokmen\/\"><span>Read More<\/span><\/a><\/div><\/div><\/article><article class='gutentor-post'><div class=\"gutentor-post-item\"><div class=\"gutentor-post-image-box\"><div class=\"gutentor-image-thumb\"><img width=\"1015\" height=\"571\" src=\"https:\/\/yerdenizkooperatifi.org\/wp-content\/uploads\/2021\/04\/birdal2.jpg\" class=\"attachment-full size-full wp-post-image\" alt=\"\" loading=\"lazy\" srcset=\"https:\/\/yerdenizkooperatifi.org\/wp-content\/uploads\/2021\/04\/birdal2.jpg 1015w, https:\/\/yerdenizkooperatifi.org\/wp-content\/uploads\/2021\/04\/birdal2-649x365.jpg 649w, https:\/\/yerdenizkooperatifi.org\/wp-content\/uploads\/2021\/04\/birdal2-840x473.jpg 840w, https:\/\/yerdenizkooperatifi.org\/wp-content\/uploads\/2021\/04\/birdal2-500x280.jpg 500w, https:\/\/yerdenizkooperatifi.org\/wp-content\/uploads\/2021\/04\/birdal2-768x432.jpg 768w\" sizes=\"(max-width: 1015px) 100vw, 1015px\" \/><\/div><\/div><div class=\"gutentor-post-content\"><div class=\"gutentor-post-title-data-wrap\"><h3 class=\"gutentor-post-title\"><a href=\"https:\/\/yerdenizkooperatifi.org\/index.php\/2020\/01\/04\/akin-birdalla-koy-koop-deneyimini-konustuk\/\" rel=\"bookmark\">Ak\u0131n Birdal\u2019la K\u00f6y-Koop Deneyimini Konu\u015ftuk<\/a><\/h3><\/div><div class=\"gutentor-entry-meta gutentor-entry-meta-primary\"><div class=\"author vcard\"><i class=\"far fa-user\"><\/i><a href=\"https:\/\/yerdenizkooperatifi.org\/index.php\/2020\/01\/04\/akin-birdalla-koy-koop-deneyimini-konustuk\/\" rel=\"bookmark\">admin<\/a><\/div><div class=\"posted-on\"><i class=\"far fa-calendar-alt\"><\/i><a href=\"https:\/\/yerdenizkooperatifi.org\/index.php\/2020\/01\/04\/akin-birdalla-koy-koop-deneyimini-konustuk\/\" rel=\"bookmark\">Ocak 4, 2020<\/a><\/div><div class=\"gutentor-meta-categories\"><i class=\"fas fa-tags\"><\/i><a href=\"https:\/\/yerdenizkooperatifi.org\/index.php\/category\/goztepe-kooperatifi\/etkinlikler-goztepe-kooperatifi\/\" rel=\"category tag\">Etkinlikler<\/a>, <a href=\"https:\/\/yerdenizkooperatifi.org\/index.php\/category\/etkinlikler\/kooperatifcilik-soylesileri\/\" rel=\"category tag\">Kooperatif\u00e7ilik S\u00f6yle\u015fileri<\/a><\/div><\/div><div class=\"gutentor-post-desc\">Ge\u00e7mi\u015ften g\u00fcn\u00fcm\u00fcze kooperatif\u00e7ili\u011fin izlerini s\u00fcrmeye ba\u015flad\u0131\u011f\u0131m\u0131z da k\u0131r yoksullar\u0131n\u0131n kurdu\u011fu K\u00f6y-&hellip;<\/div><a class=\"gutentor-button gutentor-post-button\"  href=\"https:\/\/yerdenizkooperatifi.org\/index.php\/2020\/01\/04\/akin-birdalla-koy-koop-deneyimini-konustuk\/\" href=\"https:\/\/yerdenizkooperatifi.org\/index.php\/2020\/01\/04\/akin-birdalla-koy-koop-deneyimini-konustuk\/\"><span>Read More<\/span><\/a><\/div><\/div><\/article><article class='gutentor-post'><div class=\"gutentor-post-item\"><div class=\"gutentor-post-image-box\"><div class=\"gutentor-image-thumb\"><img width=\"1600\" height=\"900\" src=\"https:\/\/yerdenizkooperatifi.org\/wp-content\/uploads\/2021\/03\/acilis1.jpg\" class=\"attachment-full size-full wp-post-image\" alt=\"\" loading=\"lazy\" srcset=\"https:\/\/yerdenizkooperatifi.org\/wp-content\/uploads\/2021\/03\/acilis1.jpg 1600w, https:\/\/yerdenizkooperatifi.org\/wp-content\/uploads\/2021\/03\/acilis1-649x365.jpg 649w, https:\/\/yerdenizkooperatifi.org\/wp-content\/uploads\/2021\/03\/acilis1-840x473.jpg 840w, https:\/\/yerdenizkooperatifi.org\/wp-content\/uploads\/2021\/03\/acilis1-500x280.jpg 500w, https:\/\/yerdenizkooperatifi.org\/wp-content\/uploads\/2021\/03\/acilis1-768x432.jpg 768w, https:\/\/yerdenizkooperatifi.org\/wp-content\/uploads\/2021\/03\/acilis1-1536x864.jpg 1536w, https:\/\/yerdenizkooperatifi.org\/wp-content\/uploads\/2021\/03\/acilis1-1360x765.jpg 1360w\" sizes=\"(max-width: 1600px) 100vw, 1600px\" \/><\/div><\/div><div class=\"gutentor-post-content\"><div class=\"gutentor-post-title-data-wrap\"><h3 class=\"gutentor-post-title\"><a href=\"https:\/\/yerdenizkooperatifi.org\/index.php\/2019\/12\/22\/goztepe-kooperatifi-dukkani-acildi\/\" rel=\"bookmark\">G\u00f6ztepe Kooperatifi D\u00fckkan\u0131 A\u00e7\u0131ld\u0131<\/a><\/h3><\/div><div class=\"gutentor-entry-meta gutentor-entry-meta-primary\"><div class=\"author vcard\"><i class=\"far fa-user\"><\/i><a href=\"https:\/\/yerdenizkooperatifi.org\/index.php\/2019\/12\/22\/goztepe-kooperatifi-dukkani-acildi\/\" rel=\"bookmark\">admin<\/a><\/div><div class=\"posted-on\"><i class=\"far fa-calendar-alt\"><\/i><a href=\"https:\/\/yerdenizkooperatifi.org\/index.php\/2019\/12\/22\/goztepe-kooperatifi-dukkani-acildi\/\" rel=\"bookmark\">Aral\u0131k 22, 2019<\/a><\/div><div class=\"gutentor-meta-categories\"><i class=\"fas fa-tags\"><\/i><a href=\"https:\/\/yerdenizkooperatifi.org\/index.php\/category\/goztepe-kooperatifi\/\" rel=\"category tag\">G\u00f6ztepe Kooperatifi<\/a>, <a href=\"https:\/\/yerdenizkooperatifi.org\/index.php\/category\/haberler\/\" rel=\"category tag\">Haberler<\/a><\/div><\/div><div class=\"gutentor-post-desc\">\u201cTemiz G\u0131da\u201d ya ula\u015fman\u0131n temel hak oldu\u011fundan hareketle 2017 y\u0131l\u0131 Temmuz ay\u0131nda&nbsp;G\u00f6ztepe\u2019de koo&hellip;<\/div><a class=\"gutentor-button gutentor-post-button\"  href=\"https:\/\/yerdenizkooperatifi.org\/index.php\/2019\/12\/22\/goztepe-kooperatifi-dukkani-acildi\/\" href=\"https:\/\/yerdenizkooperatifi.org\/index.php\/2019\/12\/22\/goztepe-kooperatifi-dukkani-acildi\/\"><span>Read More<\/span><\/a><\/div><\/div><\/article><article class='gutentor-post'><div class=\"gutentor-post-item\"><div class=\"gutentor-post-image-box\"><div class=\"gutentor-image-thumb\"><img width=\"1163\" height=\"654\" src=\"https:\/\/yerdenizkooperatifi.org\/wp-content\/uploads\/2021\/02\/yd_kv_1.jpg\" class=\"attachment-full size-full wp-post-image\" alt=\"\" loading=\"lazy\" srcset=\"https:\/\/yerdenizkooperatifi.org\/wp-content\/uploads\/2021\/02\/yd_kv_1.jpg 1163w, https:\/\/yerdenizkooperatifi.org\/wp-content\/uploads\/2021\/02\/yd_kv_1-649x365.jpg 649w, https:\/\/yerdenizkooperatifi.org\/wp-content\/uploads\/2021\/02\/yd_kv_1-840x472.jpg 840w, https:\/\/yerdenizkooperatifi.org\/wp-content\/uploads\/2021\/02\/yd_kv_1-500x280.jpg 500w, https:\/\/yerdenizkooperatifi.org\/wp-content\/uploads\/2021\/02\/yd_kv_1-768x432.jpg 768w\" sizes=\"(max-width: 1163px) 100vw, 1163px\" \/><\/div><\/div><div class=\"gutentor-post-content\"><div class=\"gutentor-post-title-data-wrap\"><h3 class=\"gutentor-post-title\"><a href=\"https:\/\/yerdenizkooperatifi.org\/index.php\/2019\/08\/10\/yerdeniz-kooperatifiyle-bir-araya-geldik\/\" rel=\"bookmark\">YerDeniz Kooperatifi&#8217;yle Bir Araya Geldik<\/a><\/h3><\/div><div class=\"gutentor-entry-meta gutentor-entry-meta-primary\"><div class=\"author vcard\"><i class=\"far fa-user\"><\/i><a href=\"https:\/\/yerdenizkooperatifi.org\/index.php\/2019\/08\/10\/yerdeniz-kooperatifiyle-bir-araya-geldik\/\" rel=\"bookmark\">admin<\/a><\/div><div class=\"posted-on\"><i class=\"far fa-calendar-alt\"><\/i><a href=\"https:\/\/yerdenizkooperatifi.org\/index.php\/2019\/08\/10\/yerdeniz-kooperatifiyle-bir-araya-geldik\/\" rel=\"bookmark\">A\u011fustos 10, 2019<\/a><\/div><div class=\"gutentor-meta-categories\"><i class=\"fas fa-tags\"><\/i><a href=\"https:\/\/yerdenizkooperatifi.org\/index.php\/category\/goztepe-kooperatifi\/etkinlikler-goztepe-kooperatifi\/\" rel=\"category tag\">Etkinlikler<\/a>, <a href=\"https:\/\/yerdenizkooperatifi.org\/index.php\/category\/goztepe-kooperatifi\/\" rel=\"category tag\">G\u00f6ztepe Kooperatifi<\/a><\/div><\/div><div class=\"gutentor-post-desc\">YerDeniz Kooperatifi&#8217;ne ziyarete giderek kahvalt\u0131 e\u015fli\u011finde sohbet ettik. Kahvalt\u0131 sonras\u0131 kendi \u00e7al&hellip;<\/div><a class=\"gutentor-button gutentor-post-button\"  href=\"https:\/\/yerdenizkooperatifi.org\/index.php\/2019\/08\/10\/yerdeniz-kooperatifiyle-bir-araya-geldik\/\" href=\"https:\/\/yerdenizkooperatifi.org\/index.php\/2019\/08\/10\/yerdeniz-kooperatifiyle-bir-araya-geldik\/\"><span>Read More<\/span><\/a><\/div><\/div><\/article><article class='gutentor-post'><div class=\"gutentor-post-item\"><div class=\"gutentor-post-image-box\"><div class=\"gutentor-image-thumb\"><img width=\"2560\" height=\"1440\" src=\"https:\/\/yerdenizkooperatifi.org\/wp-content\/uploads\/2021\/01\/20190613_161326-scaled.jpg\" class=\"attachment-full size-full wp-post-image\" alt=\"\" loading=\"lazy\" srcset=\"https:\/\/yerdenizkooperatifi.org\/wp-content\/uploads\/2021\/01\/20190613_161326-scaled.jpg 2560w, https:\/\/yerdenizkooperatifi.org\/wp-content\/uploads\/2021\/01\/20190613_161326-649x365.jpg 649w, https:\/\/yerdenizkooperatifi.org\/wp-content\/uploads\/2021\/01\/20190613_161326-840x473.jpg 840w, https:\/\/yerdenizkooperatifi.org\/wp-content\/uploads\/2021\/01\/20190613_161326-500x280.jpg 500w, https:\/\/yerdenizkooperatifi.org\/wp-content\/uploads\/2021\/01\/20190613_161326-768x432.jpg 768w, https:\/\/yerdenizkooperatifi.org\/wp-content\/uploads\/2021\/01\/20190613_161326-1536x864.jpg 1536w, https:\/\/yerdenizkooperatifi.org\/wp-content\/uploads\/2021\/01\/20190613_161326-2048x1152.jpg 2048w, https:\/\/yerdenizkooperatifi.org\/wp-content\/uploads\/2021\/01\/20190613_161326-1360x765.jpg 1360w\" sizes=\"(max-width: 2560px) 100vw, 2560px\" \/><\/div><\/div><div class=\"gutentor-post-content\"><div class=\"gutentor-post-title-data-wrap\"><h3 class=\"gutentor-post-title\"><a href=\"https:\/\/yerdenizkooperatifi.org\/index.php\/2019\/06\/13\/minder-atolyesi\/\" rel=\"bookmark\">Rengarenk Minder At\u00f6lyesi<\/a><\/h3><\/div><div class=\"gutentor-entry-meta gutentor-entry-meta-primary\"><div class=\"author vcard\"><i class=\"far fa-user\"><\/i><a href=\"https:\/\/yerdenizkooperatifi.org\/index.php\/2019\/06\/13\/minder-atolyesi\/\" rel=\"bookmark\">admin<\/a><\/div><div class=\"posted-on\"><i class=\"far fa-calendar-alt\"><\/i><a href=\"https:\/\/yerdenizkooperatifi.org\/index.php\/2019\/06\/13\/minder-atolyesi\/\" rel=\"bookmark\">Haziran 13, 2019<\/a><\/div><div class=\"gutentor-meta-categories\"><i class=\"fas fa-tags\"><\/i><a href=\"https:\/\/yerdenizkooperatifi.org\/index.php\/category\/etkinlikler\/atolyeler\/\" rel=\"category tag\">At\u00f6lyeler<\/a>, <a href=\"https:\/\/yerdenizkooperatifi.org\/index.php\/category\/goztepe-kooperatifi\/etkinlikler-goztepe-kooperatifi\/\" rel=\"category tag\">Etkinlikler<\/a><\/div><\/div><div class=\"gutentor-post-desc\">G\u00f6ztepe Kooperatifi Giri\u015fimi ile 13 Haziran 2019 g\u00fcn\u00fc&nbsp; bah\u00e7e mobilyalar\u0131m\u0131z i\u00e7in minderler yapt&hellip;<\/div><a class=\"gutentor-button gutentor-post-button\"  href=\"https:\/\/yerdenizkooperatifi.org\/index.php\/2019\/06\/13\/minder-atolyesi\/\" href=\"https:\/\/yerdenizkooperatifi.org\/index.php\/2019\/06\/13\/minder-atolyesi\/\"><span>Read More<\/span><\/a><\/div><\/div><\/article><\/div><\/div><\/section>\n\n\n<div id=\"section-gb3a975\" class=\"wp-block-gutentor-e17 section-gb3a975 gutentor-element gutentor-post-footer\"><div class=\"grid-container\"><div class=\"grid-row\">\n<div id=\"col-gmc42d47\" class=\"wp-block-gutentor-e15 gutentor-single-column  grid-lg-12 grid-md-12 grid-12\"><div id=\"section-gmc42d47\" class=\"section-gmc42d47 gutentor-col-wrap\">\n<div id=\"section-g61c2ec\" class=\"wp-block-gutentor-e12 section-g61c2ec gutentor-element gutentor-element-pagination text-align-center-mobile\"><div class=\"gutentor-pagination-wrap\" data-maxnumpages=\"2\"><ul class=\"gutentor-pagination\"><li class=\"gutentor-pagination-item gutentor-pagination-prev\"><a class=\"gutentor-pagination-link gutentor-disabled\" href=\"#\"><i class=\"fas fa-chevron-left\"><\/i>Previous<\/a><\/li><li class=\"gutentor-pagination-item gutentor-pagination-active\" data-gpage=\"1\"><a class=\"gutentor-pagination-link\" href=\"#\">1<\/a><\/li><li class=\"gutentor-pagination-item\"><a class=\"gutentor-pagination-link\" href=\"#\" data-gpage=\"2\">2<\/a><\/li><li class=\"gutentor-pagination-item gutentor-pagination-next\"><a class=\"gutentor-pagination-link\" href=\"#\" data-gpage=\"2\">Next<i class=\"fas fa-chevron-right\"><\/i><\/a><\/li><\/ul><\/div><\/div>\n<\/div><\/div>\n<\/div><\/div><\/div>\n<\/section>\n","protected":false},"excerpt":{"rendered":"","protected":false},"author":1,"featured_media":0,"parent":77,"menu_order":1,"comment_status":"closed","ping_status":"closed","template":"","meta":[],"_links":{"self":[{"href":"https:\/\/yerdenizkooperatifi.org\/index.php\/wp-json\/wp\/v2\/pages\/1040"}],"collection":[{"href":"https:\/\/yerdenizkooperatifi.org\/index.php\/wp-json\/wp\/v2\/pages"}],"about":[{"href":"https:\/\/yerdenizkooperatifi.org\/index.php\/wp-json\/wp\/v2\/types\/page"}],"author":[{"embeddable":true,"href":"https:\/\/yerdenizkooperatifi.org\/index.php\/wp-json\/wp\/v2\/users\/1"}],"replies":[{"embeddable":true,"href":"https:\/\/yerdenizkooperatifi.org\/index.php\/wp-json\/wp\/v2\/comments?post=1040"}],"version-history":[{"count":4,"href":"https:\/\/yerdenizkooperatifi.org\/index.php\/wp-json\/wp\/v2\/pages\/1040\/revisions"}],"predecessor-version":[{"id":2670,"href":"https:\/\/yerdenizkooperatifi.org\/index.php\/wp-json\/wp\/v2\/pages\/1040\/revisions\/2670"}],"up":[{"embeddable":true,"href":"https:\/\/yerdenizkooperatifi.org\/index.php\/wp-json\/wp\/v2\/pages\/77"}],"wp:attachment":[{"href":"https:\/\/yerdenizkooperatifi.org\/index.php\/wp-json\/wp\/v2\/media?parent=1040"}],"curies":[{"name":"wp","href":"https:\/\/api.w.org\/{rel}","templated":true}]}}