{"id":1043,"date":"2021-03-03T13:20:36","date_gmt":"2021-03-03T13:20:36","guid":{"rendered":"http:\/\/yerdenizkooperatifi.org\/?page_id=1043"},"modified":"2026-02-17T14:31:15","modified_gmt":"2026-02-17T14:31:15","slug":"kuzguncuk-kooperatifi","status":"publish","type":"page","link":"https:\/\/yerdenizkooperatifi.org\/index.php\/yasami-birlikte-orgutluyoruz\/kuzguncuk-kooperatifi\/","title":{"rendered":"Kuzguncuk Kooperatifi"},"content":{"rendered":"<section class=\"gutentor-post-module section-d82e313a-f087-4219-a48b-f6bf4f5fd99f gutentor-post-module-p1 gutentor_p1_template1 gutentor-blog-list\" id=\"d82e313a-f087-4219-a48b-f6bf4f5fd99f\" data-gbid=\"d82e313a-f087-4219-a48b-f6bf4f5fd99f\" >\n<div class='grid-container'><div class='grid-row' ><article class='gutentor-post'><div class=\"gutentor-post-item\"><div class=\"gutentor-post-image-box\"><div class=\"gutentor-image-thumb\"><img width=\"1001\" height=\"688\" src=\"https:\/\/yerdenizkooperatifi.org\/wp-content\/uploads\/2023\/08\/resim1.png\" class=\"attachment-full size-full wp-post-image\" alt=\"\" loading=\"lazy\" srcset=\"https:\/\/yerdenizkooperatifi.org\/wp-content\/uploads\/2023\/08\/resim1.png 1001w, https:\/\/yerdenizkooperatifi.org\/wp-content\/uploads\/2023\/08\/resim1-531x365.png 531w, https:\/\/yerdenizkooperatifi.org\/wp-content\/uploads\/2023\/08\/resim1-840x577.png 840w, https:\/\/yerdenizkooperatifi.org\/wp-content\/uploads\/2023\/08\/resim1-768x528.png 768w\" sizes=\"(max-width: 1001px) 100vw, 1001px\" \/><\/div><\/div><div class=\"gutentor-post-content\"><div class=\"gutentor-post-title-data-wrap\"><h3 class=\"gutentor-post-title\"><a href=\"https:\/\/yerdenizkooperatifi.org\/index.php\/2023\/08\/24\/geziden-kooperatiflere-bir-dayanisma-ekonomisi-orgutlenme-deneyimi\/\" rel=\"bookmark\">Gezi&#8217;den Kooperatiflere Bir Dayan\u0131\u015fma Ekonomisi \u00d6rg\u00fctlenme Deneyimi<\/a><\/h3><\/div><div class=\"gutentor-entry-meta gutentor-entry-meta-primary\"><div class=\"author vcard\"><i class=\"far fa-user\"><\/i><a href=\"https:\/\/yerdenizkooperatifi.org\/index.php\/2023\/08\/24\/geziden-kooperatiflere-bir-dayanisma-ekonomisi-orgutlenme-deneyimi\/\" rel=\"bookmark\">admin<\/a><\/div><div class=\"posted-on\"><i class=\"far fa-calendar-alt\"><\/i><a href=\"https:\/\/yerdenizkooperatifi.org\/index.php\/2023\/08\/24\/geziden-kooperatiflere-bir-dayanisma-ekonomisi-orgutlenme-deneyimi\/\" rel=\"bookmark\">A\u011fustos 24, 2023<\/a><\/div><div class=\"gutentor-meta-categories\"><i class=\"fas fa-tags\"><\/i><a href=\"https:\/\/yerdenizkooperatifi.org\/index.php\/category\/goztepe-kooperatifi\/\" rel=\"category tag\">G\u00f6ztepe Kooperatifi<\/a>, <a href=\"https:\/\/yerdenizkooperatifi.org\/index.php\/category\/haberler\/\" rel=\"category tag\">Haberler<\/a>, <a href=\"https:\/\/yerdenizkooperatifi.org\/index.php\/category\/kuzguncuk-kooperatifi\/\" rel=\"category tag\">Kuzguncuk Kooperatifi<\/a><\/div><\/div><div class=\"gutentor-post-desc\">By :&nbsp;Yerdeniz Kooperatifi\n\n\n\n\n\n\n\n10. Y\u0131l\u0131nda Gezi Direni\u015fi\u2019ni and\u0131\u011f\u0131m\u0131z bug\u00fcnlerde, direni\u015fle b&hellip;<\/div><a class=\"gutentor-button gutentor-post-button\"  href=\"https:\/\/yerdenizkooperatifi.org\/index.php\/2023\/08\/24\/geziden-kooperatiflere-bir-dayanisma-ekonomisi-orgutlenme-deneyimi\/\" href=\"https:\/\/yerdenizkooperatifi.org\/index.php\/2023\/08\/24\/geziden-kooperatiflere-bir-dayanisma-ekonomisi-orgutlenme-deneyimi\/\"><span>Read More<\/span><\/a><\/div><\/div><\/article><article class='gutentor-post'><div class=\"gutentor-post-item\"><div class=\"gutentor-post-image-box\"><div class=\"gutentor-image-thumb\"><img width=\"2560\" height=\"1920\" src=\"https:\/\/yerdenizkooperatifi.org\/wp-content\/uploads\/2022\/06\/IMG_20220521_181233-scaled.jpg\" class=\"attachment-full size-full wp-post-image\" alt=\"\" loading=\"lazy\" srcset=\"https:\/\/yerdenizkooperatifi.org\/wp-content\/uploads\/2022\/06\/IMG_20220521_181233-scaled.jpg 2560w, https:\/\/yerdenizkooperatifi.org\/wp-content\/uploads\/2022\/06\/IMG_20220521_181233-487x365.jpg 487w, https:\/\/yerdenizkooperatifi.org\/wp-content\/uploads\/2022\/06\/IMG_20220521_181233-840x630.jpg 840w, https:\/\/yerdenizkooperatifi.org\/wp-content\/uploads\/2022\/06\/IMG_20220521_181233-768x576.jpg 768w, https:\/\/yerdenizkooperatifi.org\/wp-content\/uploads\/2022\/06\/IMG_20220521_181233-1536x1152.jpg 1536w, https:\/\/yerdenizkooperatifi.org\/wp-content\/uploads\/2022\/06\/IMG_20220521_181233-2048x1536.jpg 2048w, https:\/\/yerdenizkooperatifi.org\/wp-content\/uploads\/2022\/06\/IMG_20220521_181233-600x450.jpg 600w\" sizes=\"(max-width: 2560px) 100vw, 2560px\" \/><\/div><\/div><div class=\"gutentor-post-content\"><div class=\"gutentor-post-title-data-wrap\"><h3 class=\"gutentor-post-title\"><a href=\"https:\/\/yerdenizkooperatifi.org\/index.php\/2022\/06\/16\/kuzguncukta-bahar-tadinda-peynir-atolyesi\/\" rel=\"bookmark\">Kuzguncuk\u2019ta Bahar Tad\u0131nda Peynir At\u00f6lyesi<\/a><\/h3><\/div><div class=\"gutentor-entry-meta gutentor-entry-meta-primary\"><div class=\"author vcard\"><i class=\"far fa-user\"><\/i><a href=\"https:\/\/yerdenizkooperatifi.org\/index.php\/2022\/06\/16\/kuzguncukta-bahar-tadinda-peynir-atolyesi\/\" rel=\"bookmark\">admin<\/a><\/div><div class=\"posted-on\"><i class=\"far fa-calendar-alt\"><\/i><a href=\"https:\/\/yerdenizkooperatifi.org\/index.php\/2022\/06\/16\/kuzguncukta-bahar-tadinda-peynir-atolyesi\/\" rel=\"bookmark\">Haziran 16, 2022<\/a><\/div><div class=\"gutentor-meta-categories\"><i class=\"fas fa-tags\"><\/i><a href=\"https:\/\/yerdenizkooperatifi.org\/index.php\/category\/etkinlikler\/atolyeler\/\" rel=\"category tag\">At\u00f6lyeler<\/a>, <a href=\"https:\/\/yerdenizkooperatifi.org\/index.php\/category\/etkinlikler\/\" rel=\"category tag\">Etkinlikler<\/a>, <a href=\"https:\/\/yerdenizkooperatifi.org\/index.php\/category\/haberler\/\" rel=\"category tag\">Haberler<\/a>, <a href=\"https:\/\/yerdenizkooperatifi.org\/index.php\/category\/kuzguncuk-kooperatifi\/\" rel=\"category tag\">Kuzguncuk Kooperatifi<\/a><\/div><\/div><div class=\"gutentor-post-desc\">Havalar\u0131n \u0131s\u0131nmas\u0131yla birlikte Kuzguncuk bah\u00e7ede peynir at\u00f6lyesi d\u00fczenledik. 21 May\u0131s 2022\u2019de d\u00fczenl&hellip;<\/div><a class=\"gutentor-button gutentor-post-button\"  href=\"https:\/\/yerdenizkooperatifi.org\/index.php\/2022\/06\/16\/kuzguncukta-bahar-tadinda-peynir-atolyesi\/\" href=\"https:\/\/yerdenizkooperatifi.org\/index.php\/2022\/06\/16\/kuzguncukta-bahar-tadinda-peynir-atolyesi\/\"><span>Read More<\/span><\/a><\/div><\/div><\/article><article class='gutentor-post'><div class=\"gutentor-post-item\"><div class=\"gutentor-post-image-box\"><div class=\"gutentor-image-thumb\"><img width=\"600\" height=\"450\" src=\"https:\/\/yerdenizkooperatifi.org\/wp-content\/uploads\/2022\/04\/02-04-2022-Kuzguncuk-Kooperatifi-kuruldu-Kooperatif-kirla-kenti-yakinlastiracak-4b6693pre.jpeg\" class=\"attachment-full size-full wp-post-image\" alt=\"\" loading=\"lazy\" srcset=\"https:\/\/yerdenizkooperatifi.org\/wp-content\/uploads\/2022\/04\/02-04-2022-Kuzguncuk-Kooperatifi-kuruldu-Kooperatif-kirla-kenti-yakinlastiracak-4b6693pre.jpeg 600w, https:\/\/yerdenizkooperatifi.org\/wp-content\/uploads\/2022\/04\/02-04-2022-Kuzguncuk-Kooperatifi-kuruldu-Kooperatif-kirla-kenti-yakinlastiracak-4b6693pre-487x365.jpeg 487w\" sizes=\"(max-width: 600px) 100vw, 600px\" \/><\/div><\/div><div class=\"gutentor-post-content\"><div class=\"gutentor-post-title-data-wrap\"><h3 class=\"gutentor-post-title\"><a href=\"https:\/\/yerdenizkooperatifi.org\/index.php\/2022\/04\/02\/kuzguncuk-kooperatifi-kuruldu-kooperatif-kirla-kenti-yakinlastiracak\/\" rel=\"bookmark\">Kuzguncuk Kooperatifi kuruldu: \u201cKooperatif k\u0131rla kenti yak\u0131nla\u015ft\u0131racak\u201d<\/a><\/h3><\/div><div class=\"gutentor-entry-meta gutentor-entry-meta-primary\"><div class=\"author vcard\"><i class=\"far fa-user\"><\/i><a href=\"https:\/\/yerdenizkooperatifi.org\/index.php\/2022\/04\/02\/kuzguncuk-kooperatifi-kuruldu-kooperatif-kirla-kenti-yakinlastiracak\/\" rel=\"bookmark\">admin<\/a><\/div><div class=\"posted-on\"><i class=\"far fa-calendar-alt\"><\/i><a href=\"https:\/\/yerdenizkooperatifi.org\/index.php\/2022\/04\/02\/kuzguncuk-kooperatifi-kuruldu-kooperatif-kirla-kenti-yakinlastiracak\/\" rel=\"bookmark\">Nisan 2, 2022<\/a><\/div><div class=\"gutentor-meta-categories\"><i class=\"fas fa-tags\"><\/i><a href=\"https:\/\/yerdenizkooperatifi.org\/index.php\/category\/haberler\/\" rel=\"category tag\">Haberler<\/a>, <a href=\"https:\/\/yerdenizkooperatifi.org\/index.php\/category\/kuzguncuk-kooperatifi\/\" rel=\"category tag\">Kuzguncuk Kooperatifi<\/a><\/div><\/div><div class=\"gutentor-post-desc\">Kuzguncuk Kooperatifi \u00fcreticilerle \u201cyar\u0131 \u00fcreticileri\u201d bir araya getirmeyi ama\u00e7l\u0131yor. Kooperatiften S&hellip;<\/div><a class=\"gutentor-button gutentor-post-button\"  href=\"https:\/\/yerdenizkooperatifi.org\/index.php\/2022\/04\/02\/kuzguncuk-kooperatifi-kuruldu-kooperatif-kirla-kenti-yakinlastiracak\/\" href=\"https:\/\/yerdenizkooperatifi.org\/index.php\/2022\/04\/02\/kuzguncuk-kooperatifi-kuruldu-kooperatif-kirla-kenti-yakinlastiracak\/\"><span>Read More<\/span><\/a><\/div><\/div><\/article><article class='gutentor-post'><div class=\"gutentor-post-item\"><div class=\"gutentor-post-image-box\"><div class=\"gutentor-image-thumb\"><img width=\"1200\" height=\"600\" src=\"https:\/\/yerdenizkooperatifi.org\/wp-content\/uploads\/2022\/03\/kuzguncuk1-e1643834712519-1200x600-1.jpg\" class=\"attachment-full size-full wp-post-image\" alt=\"\" loading=\"lazy\" srcset=\"https:\/\/yerdenizkooperatifi.org\/wp-content\/uploads\/2022\/03\/kuzguncuk1-e1643834712519-1200x600-1.jpg 1200w, https:\/\/yerdenizkooperatifi.org\/wp-content\/uploads\/2022\/03\/kuzguncuk1-e1643834712519-1200x600-1-660x330.jpg 660w, https:\/\/yerdenizkooperatifi.org\/wp-content\/uploads\/2022\/03\/kuzguncuk1-e1643834712519-1200x600-1-840x420.jpg 840w, https:\/\/yerdenizkooperatifi.org\/wp-content\/uploads\/2022\/03\/kuzguncuk1-e1643834712519-1200x600-1-768x384.jpg 768w\" sizes=\"(max-width: 1200px) 100vw, 1200px\" \/><\/div><\/div><div class=\"gutentor-post-content\"><div class=\"gutentor-post-title-data-wrap\"><h3 class=\"gutentor-post-title\"><a href=\"https:\/\/yerdenizkooperatifi.org\/index.php\/2022\/02\/05\/kuzguncuk-kooperatifi-aciliyor-2\/\" rel=\"bookmark\">Kuzguncuk Kooperatifi a\u00e7\u0131l\u0131yor<\/a><\/h3><\/div><div class=\"gutentor-entry-meta gutentor-entry-meta-primary\"><div class=\"author vcard\"><i class=\"far fa-user\"><\/i><a href=\"https:\/\/yerdenizkooperatifi.org\/index.php\/2022\/02\/05\/kuzguncuk-kooperatifi-aciliyor-2\/\" rel=\"bookmark\">admin<\/a><\/div><div class=\"posted-on\"><i class=\"far fa-calendar-alt\"><\/i><a href=\"https:\/\/yerdenizkooperatifi.org\/index.php\/2022\/02\/05\/kuzguncuk-kooperatifi-aciliyor-2\/\" rel=\"bookmark\">\u015eubat 5, 2022<\/a><\/div><div class=\"gutentor-meta-categories\"><i class=\"fas fa-tags\"><\/i><a href=\"https:\/\/yerdenizkooperatifi.org\/index.php\/category\/haberler\/\" rel=\"category tag\">Haberler<\/a>, <a href=\"https:\/\/yerdenizkooperatifi.org\/index.php\/category\/kuzguncuk-kooperatifi\/\" rel=\"category tag\">Kuzguncuk Kooperatifi<\/a><\/div><\/div><div class=\"gutentor-post-desc\">Mahalle \u00f6l\u00e7e\u011finde bir dayan\u0131\u015fma ekonomisi olmay\u0131 hedefleyen ve do\u011fal, sa\u011fl\u0131kl\u0131 g\u0131da maddelerine adil&hellip;<\/div><a class=\"gutentor-button gutentor-post-button\"  href=\"https:\/\/yerdenizkooperatifi.org\/index.php\/2022\/02\/05\/kuzguncuk-kooperatifi-aciliyor-2\/\" href=\"https:\/\/yerdenizkooperatifi.org\/index.php\/2022\/02\/05\/kuzguncuk-kooperatifi-aciliyor-2\/\"><span>Read More<\/span><\/a><\/div><\/div><\/article><article class='gutentor-post'><div class=\"gutentor-post-item\"><div class=\"gutentor-post-image-box\"><div class=\"gutentor-image-thumb\"><img width=\"1080\" height=\"1080\" src=\"https:\/\/yerdenizkooperatifi.org\/wp-content\/uploads\/2021\/03\/duyuru4.png\" class=\"attachment-full size-full wp-post-image\" alt=\"\" loading=\"lazy\" srcset=\"https:\/\/yerdenizkooperatifi.org\/wp-content\/uploads\/2021\/03\/duyuru4.png 1080w, https:\/\/yerdenizkooperatifi.org\/wp-content\/uploads\/2021\/03\/duyuru4-365x365.png 365w, https:\/\/yerdenizkooperatifi.org\/wp-content\/uploads\/2021\/03\/duyuru4-840x840.png 840w, https:\/\/yerdenizkooperatifi.org\/wp-content\/uploads\/2021\/03\/duyuru4-768x768.png 768w\" sizes=\"(max-width: 1080px) 100vw, 1080px\" \/><\/div><\/div><div class=\"gutentor-post-content\"><div class=\"gutentor-post-title-data-wrap\"><h3 class=\"gutentor-post-title\"><a href=\"https:\/\/yerdenizkooperatifi.org\/index.php\/2020\/09\/14\/kuzguncuk-kooperatifi-aciliyor\/\" rel=\"bookmark\">Kuzguncuk Kooperatifi Yola \u00c7\u0131k\u0131yor<\/a><\/h3><\/div><div class=\"gutentor-entry-meta gutentor-entry-meta-primary\"><div class=\"author vcard\"><i class=\"far fa-user\"><\/i><a href=\"https:\/\/yerdenizkooperatifi.org\/index.php\/2020\/09\/14\/kuzguncuk-kooperatifi-aciliyor\/\" rel=\"bookmark\">admin<\/a><\/div><div class=\"posted-on\"><i class=\"far fa-calendar-alt\"><\/i><a href=\"https:\/\/yerdenizkooperatifi.org\/index.php\/2020\/09\/14\/kuzguncuk-kooperatifi-aciliyor\/\" rel=\"bookmark\">Eyl\u00fcl 14, 2020<\/a><\/div><div class=\"gutentor-meta-categories\"><i class=\"fas fa-tags\"><\/i><a href=\"https:\/\/yerdenizkooperatifi.org\/index.php\/category\/haberler\/\" rel=\"category tag\">Haberler<\/a>, <a href=\"https:\/\/yerdenizkooperatifi.org\/index.php\/category\/kuzguncuk-kooperatifi\/\" rel=\"category tag\">Kuzguncuk Kooperatifi<\/a><\/div><\/div><div class=\"gutentor-post-desc\">Kuzguncuk&#8217;ta bir Kooperatif \u00e7al\u0131\u015fmas\u0131 i\u00e7in kollar\u0131 s\u0131vad\u0131k ve genel bir \u00e7a\u011fr\u0131 yapt\u0131k. Yerelde ki mah&hellip;<\/div><a class=\"gutentor-button gutentor-post-button\"  href=\"https:\/\/yerdenizkooperatifi.org\/index.php\/2020\/09\/14\/kuzguncuk-kooperatifi-aciliyor\/\" href=\"https:\/\/yerdenizkooperatifi.org\/index.php\/2020\/09\/14\/kuzguncuk-kooperatifi-aciliyor\/\"><span>Read More<\/span><\/a><\/div><\/div><\/article><\/div><\/div><\/section>","protected":false},"excerpt":{"rendered":"","protected":false},"author":1,"featured_media":0,"parent":77,"menu_order":2,"comment_status":"closed","ping_status":"closed","template":"","meta":[],"_links":{"self":[{"href":"https:\/\/yerdenizkooperatifi.org\/index.php\/wp-json\/wp\/v2\/pages\/1043"}],"collection":[{"href":"https:\/\/yerdenizkooperatifi.org\/index.php\/wp-json\/wp\/v2\/pages"}],"about":[{"href":"https:\/\/yerdenizkooperatifi.org\/index.php\/wp-json\/wp\/v2\/types\/page"}],"author":[{"embeddable":true,"href":"https:\/\/yerdenizkooperatifi.org\/index.php\/wp-json\/wp\/v2\/users\/1"}],"replies":[{"embeddable":true,"href":"https:\/\/yerdenizkooperatifi.org\/index.php\/wp-json\/wp\/v2\/comments?post=1043"}],"version-history":[{"count":2,"href":"https:\/\/yerdenizkooperatifi.org\/index.php\/wp-json\/wp\/v2\/pages\/1043\/revisions"}],"predecessor-version":[{"id":2671,"href":"https:\/\/yerdenizkooperatifi.org\/index.php\/wp-json\/wp\/v2\/pages\/1043\/revisions\/2671"}],"up":[{"embeddable":true,"href":"https:\/\/yerdenizkooperatifi.org\/index.php\/wp-json\/wp\/v2\/pages\/77"}],"wp:attachment":[{"href":"https:\/\/yerdenizkooperatifi.org\/index.php\/wp-json\/wp\/v2\/media?parent=1043"}],"curies":[{"name":"wp","href":"https:\/\/api.w.org\/{rel}","templated":true}]}}