{"id":177,"date":"2020-05-18T17:55:00","date_gmt":"2020-05-18T17:55:00","guid":{"rendered":"http:\/\/yerdenizkooperatifi.org\/?page_id=177"},"modified":"2026-02-17T14:16:11","modified_gmt":"2026-02-17T14:16:11","slug":"kavramlar","status":"publish","type":"page","link":"https:\/\/yerdenizkooperatifi.org\/index.php\/anasayfa\/gida\/kavramlar\/","title":{"rendered":"Kavramlar"},"content":{"rendered":"\n<section id=\"g573b91\" class=\"wp-block-gutentor-p4 section-g573b91 gutentor-post-module gutentor-advanced-post-module\" data-gpid=\"177\" data-l-ani=\"gp4-animation-1\" data-i-b=\"gutentor\/p1\" data-maxnumpages=\"1\">\n<div id=\"section-g8c57a5\" class=\"wp-block-gutentor-e16 section-g8c57a5 gutentor-element gutentor-post-header\"><div class=\"grid-container\"><div class=\"grid-row\">\n<div id=\"col-gm5abd9e\" class=\"wp-block-gutentor-e15 gutentor-single-column  grid-lg-5 grid-md-5 grid-5\"><div id=\"section-gm5abd9e\" class=\"section-gm5abd9e gutentor-col-wrap\"><\/div><\/div>\n\n\n\n<div id=\"col-gma93d8e\" class=\"wp-block-gutentor-e15 gutentor-single-column  grid-lg-5 grid-md-5 grid-5\"><div id=\"section-gma93d8e\" class=\"section-gma93d8e gutentor-col-wrap\"><\/div><\/div>\n\n\n\n<div id=\"col-gm6e51d4\" class=\"wp-block-gutentor-e15 gutentor-single-column  grid-lg-2 grid-md-2 grid-2\"><div id=\"section-gm6e51d4\" class=\"section-gm6e51d4 gutentor-col-wrap\">\n<div id=\"section-gc96c34\" class=\"wp-block-gutentor-e13 section-gc96c34 gutentor-element gutentor-element-navigation text-align-right-desktop text-align-right-tablet text-align-left-mobile\"><div class=\"gutentor-navigation\" data-gpage=\"1\"><ul class=\"gutentor-next-prev\"><li><a class=\"gutentor-disabled g-nav-prev\"><i class=\"fas fa-chevron-left\"><\/i><\/a><\/li><li><a class=\"g-nav-next gutentor-disabled\"><i class=\"fas fa-chevron-right\"><\/i><\/a><\/li><\/ul><\/div><\/div>\n<\/div><\/div>\n<\/div><\/div><\/div>\n\n\n<section class=\"gutentor-post-module section-89567a01-006e-4127-9766-a7b5c82f1692 gutentor-post-module-p1 gutentor_p1_template1 gutentor-blog-list\" id=\"89567a01-006e-4127-9766-a7b5c82f1692\" data-gbid=\"89567a01-006e-4127-9766-a7b5c82f1692\" >\n<div class='grid-container'><div class='grid-row' ><article class='gutentor-post'><div class=\"gutentor-post-item\"><div class=\"gutentor-post-image-box\"><div class=\"gutentor-image-thumb\"><img width=\"770\" height=\"432\" src=\"https:\/\/yerdenizkooperatifi.org\/wp-content\/uploads\/2021\/01\/endtarim.jpeg\" class=\"attachment-full size-full wp-post-image\" alt=\"\" loading=\"lazy\" srcset=\"https:\/\/yerdenizkooperatifi.org\/wp-content\/uploads\/2021\/01\/endtarim.jpeg 770w, https:\/\/yerdenizkooperatifi.org\/wp-content\/uploads\/2021\/01\/endtarim-651x365.jpeg 651w, https:\/\/yerdenizkooperatifi.org\/wp-content\/uploads\/2021\/01\/endtarim-500x280.jpeg 500w, https:\/\/yerdenizkooperatifi.org\/wp-content\/uploads\/2021\/01\/endtarim-768x431.jpeg 768w\" sizes=\"(max-width: 770px) 100vw, 770px\" \/><\/div><\/div><div class=\"gutentor-post-content\"><div class=\"gutentor-post-title-data-wrap\"><h3 class=\"gutentor-post-title\"><a href=\"https:\/\/yerdenizkooperatifi.org\/index.php\/2019\/09\/02\/endustriyel-tarim-nedir\/\" rel=\"bookmark\">End\u00fcstriyel Tar\u0131m Nedir?<\/a><\/h3><\/div><div class=\"gutentor-post-desc\">\u00dcretimin her a\u015famas\u0131nda yo\u011fun su ve kimyasal girdiyi zorunlu k\u0131lan, b\u00fcy\u00fck oranda makina ve teknoloji&hellip;<\/div><a class=\"gutentor-button gutentor-post-button\"  href=\"https:\/\/yerdenizkooperatifi.org\/index.php\/2019\/09\/02\/endustriyel-tarim-nedir\/\" href=\"https:\/\/yerdenizkooperatifi.org\/index.php\/2019\/09\/02\/endustriyel-tarim-nedir\/\"><span>Devam\u0131&#8230;<\/span><\/a><\/div><\/div><\/article><article class='gutentor-post'><div class=\"gutentor-post-item\"><div class=\"gutentor-post-image-box\"><div class=\"gutentor-image-thumb\"><img width=\"1000\" height=\"407\" src=\"https:\/\/yerdenizkooperatifi.org\/wp-content\/uploads\/2021\/01\/grain_defend-local-seeds_201503.jpg\" class=\"attachment-full size-full wp-post-image\" alt=\"\" loading=\"lazy\" srcset=\"https:\/\/yerdenizkooperatifi.org\/wp-content\/uploads\/2021\/01\/grain_defend-local-seeds_201503.jpg 1000w, https:\/\/yerdenizkooperatifi.org\/wp-content\/uploads\/2021\/01\/grain_defend-local-seeds_201503-660x269.jpg 660w, https:\/\/yerdenizkooperatifi.org\/wp-content\/uploads\/2021\/01\/grain_defend-local-seeds_201503-840x342.jpg 840w, https:\/\/yerdenizkooperatifi.org\/wp-content\/uploads\/2021\/01\/grain_defend-local-seeds_201503-768x313.jpg 768w\" sizes=\"(max-width: 1000px) 100vw, 1000px\" \/><\/div><\/div><div class=\"gutentor-post-content\"><div class=\"gutentor-post-title-data-wrap\"><h3 class=\"gutentor-post-title\"><a href=\"https:\/\/yerdenizkooperatifi.org\/index.php\/2021\/01\/02\/gida-egemenligi\/\" rel=\"bookmark\">G\u0131da Egemenli\u011fi<\/a><\/h3><\/div><div class=\"gutentor-post-desc\">G\u0131da egemenli\u011fi kavram\u0131 ilk olarak bir k\u00fcresel k\u00f6yl\u00fc hareketi olarak Roma&#8217;da kurulmu\u015f La Via Campesi&hellip;<\/div><a class=\"gutentor-button gutentor-post-button\"  href=\"https:\/\/yerdenizkooperatifi.org\/index.php\/2021\/01\/02\/gida-egemenligi\/\" href=\"https:\/\/yerdenizkooperatifi.org\/index.php\/2021\/01\/02\/gida-egemenligi\/\"><span>Devam\u0131&#8230;<\/span><\/a><\/div><\/div><\/article><article class='gutentor-post'><div class=\"gutentor-post-item\"><div class=\"gutentor-post-image-box\"><div class=\"gutentor-image-thumb\"><img width=\"512\" height=\"342\" src=\"https:\/\/yerdenizkooperatifi.org\/wp-content\/uploads\/2021\/01\/pp.jpg\" class=\"attachment-full size-full wp-post-image\" alt=\"\" loading=\"lazy\" \/><\/div><\/div><div class=\"gutentor-post-content\"><div class=\"gutentor-post-title-data-wrap\"><h3 class=\"gutentor-post-title\"><a href=\"https:\/\/yerdenizkooperatifi.org\/index.php\/2021\/01\/02\/gida-guvenligi\/\" rel=\"bookmark\">G\u0131da G\u00fcvenli\u011fi<\/a><\/h3><\/div><div class=\"gutentor-post-desc\">Kavram Birle\u015fmi\u015f Milletler G\u0131da ve Tar\u0131m \u00d6rg\u00fct\u00fcn\u00fcn (FAO) uluslararas\u0131 hedeflerinden biri olarak 1970&hellip;<\/div><a class=\"gutentor-button gutentor-post-button\"  href=\"https:\/\/yerdenizkooperatifi.org\/index.php\/2021\/01\/02\/gida-guvenligi\/\" href=\"https:\/\/yerdenizkooperatifi.org\/index.php\/2021\/01\/02\/gida-guvenligi\/\"><span>Devam\u0131&#8230;<\/span><\/a><\/div><\/div><\/article><article class='gutentor-post'><div class=\"gutentor-post-item\"><div class=\"gutentor-post-image-box\"><div class=\"gutentor-image-thumb\"><img width=\"900\" height=\"500\" src=\"https:\/\/yerdenizkooperatifi.org\/wp-content\/uploads\/2021\/01\/gidaguvencesi.jpg\" class=\"attachment-full size-full wp-post-image\" alt=\"\" loading=\"lazy\" srcset=\"https:\/\/yerdenizkooperatifi.org\/wp-content\/uploads\/2021\/01\/gidaguvencesi.jpg 900w, https:\/\/yerdenizkooperatifi.org\/wp-content\/uploads\/2021\/01\/gidaguvencesi-657x365.jpg 657w, https:\/\/yerdenizkooperatifi.org\/wp-content\/uploads\/2021\/01\/gidaguvencesi-840x467.jpg 840w, https:\/\/yerdenizkooperatifi.org\/wp-content\/uploads\/2021\/01\/gidaguvencesi-768x427.jpg 768w\" sizes=\"(max-width: 900px) 100vw, 900px\" \/><\/div><\/div><div class=\"gutentor-post-content\"><div class=\"gutentor-post-title-data-wrap\"><h3 class=\"gutentor-post-title\"><a href=\"https:\/\/yerdenizkooperatifi.org\/index.php\/2021\/01\/02\/gida-krizi\/\" rel=\"bookmark\">G\u0131da Krizi<\/a><\/h3><\/div><div class=\"gutentor-post-desc\">GIDA KR\u0130Z\u0130 NASIL G\u00d6R\u00dcN\u00dcR OLDU?\n\n\n\n2007-2008 y\u0131l\u0131nda kapitalizmin d\u00fcnya \u00f6l\u00e7e\u011finde en a\u011f\u0131r kriz d\u00f6nemi&hellip;<\/div><a class=\"gutentor-button gutentor-post-button\"  href=\"https:\/\/yerdenizkooperatifi.org\/index.php\/2021\/01\/02\/gida-krizi\/\" href=\"https:\/\/yerdenizkooperatifi.org\/index.php\/2021\/01\/02\/gida-krizi\/\"><span>Devam\u0131&#8230;<\/span><\/a><\/div><\/div><\/article><article class='gutentor-post'><div class=\"gutentor-post-item\"><div class=\"gutentor-post-image-box\"><div class=\"gutentor-image-thumb\"><img width=\"275\" height=\"183\" src=\"https:\/\/yerdenizkooperatifi.org\/wp-content\/uploads\/2021\/01\/images-1.jpg\" class=\"attachment-full size-full wp-post-image\" alt=\"\" loading=\"lazy\" \/><\/div><\/div><div class=\"gutentor-post-content\"><div class=\"gutentor-post-title-data-wrap\"><h3 class=\"gutentor-post-title\"><a href=\"https:\/\/yerdenizkooperatifi.org\/index.php\/2021\/01\/02\/kooperatif-nedir\/\" rel=\"bookmark\">Kooperatif Nedir?<\/a><\/h3><\/div><div class=\"gutentor-post-desc\">Kooperatif Nedir?\n\n\n\nKooperatif; ortak ekonomik, sosyal, k\u00fclt\u00fcrel ihtiya\u00e7lar\u0131 kar\u015f\u0131lamak \u00fczere g\u00f6n\u00fcl&hellip;<\/div><a class=\"gutentor-button gutentor-post-button\"  href=\"https:\/\/yerdenizkooperatifi.org\/index.php\/2021\/01\/02\/kooperatif-nedir\/\" href=\"https:\/\/yerdenizkooperatifi.org\/index.php\/2021\/01\/02\/kooperatif-nedir\/\"><span>Devam\u0131&#8230;<\/span><\/a><\/div><\/div><\/article><article class='gutentor-post'><div class=\"gutentor-post-item\"><div class=\"gutentor-post-image-box\"><div class=\"gutentor-image-thumb\"><img width=\"1020\" height=\"619\" src=\"https:\/\/yerdenizkooperatifi.org\/wp-content\/uploads\/2021\/04\/tohum-1.jpg\" class=\"attachment-full size-full wp-post-image\" alt=\"\" loading=\"lazy\" srcset=\"https:\/\/yerdenizkooperatifi.org\/wp-content\/uploads\/2021\/04\/tohum-1.jpg 1020w, https:\/\/yerdenizkooperatifi.org\/wp-content\/uploads\/2021\/04\/tohum-1-601x365.jpg 601w, https:\/\/yerdenizkooperatifi.org\/wp-content\/uploads\/2021\/04\/tohum-1-840x510.jpg 840w, https:\/\/yerdenizkooperatifi.org\/wp-content\/uploads\/2021\/04\/tohum-1-768x466.jpg 768w\" sizes=\"(max-width: 1020px) 100vw, 1020px\" \/><\/div><\/div><div class=\"gutentor-post-content\"><div class=\"gutentor-post-title-data-wrap\"><h3 class=\"gutentor-post-title\"><a href=\"https:\/\/yerdenizkooperatifi.org\/index.php\/2021\/04\/11\/yadigar-yerel-yerli-tohum-nedir\/\" rel=\"bookmark\">Yadigar\/Yerel\/Yerli Tohum Nedir?<\/a><\/h3><\/div><div class=\"gutentor-post-desc\">\u00d6ncelikle genel kullan\u0131mda olan Atal\u0131k\/Yerel\/Yerli tohum kavran\u0131n\u0131 neden kullanmad\u0131\u011f\u0131m\u0131z k\u0131saca a\u00e7\u0131k&hellip;<\/div><a class=\"gutentor-button gutentor-post-button\"  href=\"https:\/\/yerdenizkooperatifi.org\/index.php\/2021\/04\/11\/yadigar-yerel-yerli-tohum-nedir\/\" href=\"https:\/\/yerdenizkooperatifi.org\/index.php\/2021\/04\/11\/yadigar-yerel-yerli-tohum-nedir\/\"><span>Devam\u0131&#8230;<\/span><\/a><\/div><\/div><\/article><\/div><\/div><\/section>\n\n\n<div id=\"section-g113f34\" class=\"wp-block-gutentor-e17 section-g113f34 gutentor-element gutentor-post-footer\"><div class=\"grid-container\"><div class=\"grid-row\">\n<div id=\"col-gmc0007d\" class=\"wp-block-gutentor-e15 gutentor-single-column  grid-lg-12 grid-md-12 grid-12\"><div id=\"section-gmc0007d\" class=\"section-gmc0007d gutentor-col-wrap\">\n<div id=\"section-gd2e671\" class=\"wp-block-gutentor-e12 section-gd2e671 gutentor-element gutentor-element-pagination text-align-center-mobile\"><div class=\"gutentor-pagination-wrap\" data-maxnumpages=\"1\"><ul class=\"gutentor-pagination\"><li class=\"gutentor-pagination-item gutentor-pagination-prev\"><a class=\"gutentor-pagination-link gutentor-disabled\" href=\"#\"><i class=\"fas fa-chevron-left\"><\/i>Previous<\/a><\/li><li class=\"gutentor-pagination-item gutentor-pagination-active\" data-gpage=\"1\"><a class=\"gutentor-pagination-link\" href=\"#\">1<\/a><\/li><li class=\"gutentor-pagination-item gutentor-pagination-next\"><a class=\"gutentor-pagination-link gutentor-disabled\" href=\"#\" data-gpage=\"2\">Next<i class=\"fas fa-chevron-right\"><\/i><\/a><\/li><\/ul><\/div><\/div>\n<\/div><\/div>\n<\/div><\/div><\/div>\n<\/section>\n","protected":false},"excerpt":{"rendered":"","protected":false},"author":1,"featured_media":0,"parent":173,"menu_order":0,"comment_status":"closed","ping_status":"closed","template":"","meta":[],"_links":{"self":[{"href":"https:\/\/yerdenizkooperatifi.org\/index.php\/wp-json\/wp\/v2\/pages\/177"}],"collection":[{"href":"https:\/\/yerdenizkooperatifi.org\/index.php\/wp-json\/wp\/v2\/pages"}],"about":[{"href":"https:\/\/yerdenizkooperatifi.org\/index.php\/wp-json\/wp\/v2\/types\/page"}],"author":[{"embeddable":true,"href":"https:\/\/yerdenizkooperatifi.org\/index.php\/wp-json\/wp\/v2\/users\/1"}],"replies":[{"embeddable":true,"href":"https:\/\/yerdenizkooperatifi.org\/index.php\/wp-json\/wp\/v2\/comments?post=177"}],"version-history":[{"count":7,"href":"https:\/\/yerdenizkooperatifi.org\/index.php\/wp-json\/wp\/v2\/pages\/177\/revisions"}],"predecessor-version":[{"id":2660,"href":"https:\/\/yerdenizkooperatifi.org\/index.php\/wp-json\/wp\/v2\/pages\/177\/revisions\/2660"}],"up":[{"embeddable":true,"href":"https:\/\/yerdenizkooperatifi.org\/index.php\/wp-json\/wp\/v2\/pages\/173"}],"wp:attachment":[{"href":"https:\/\/yerdenizkooperatifi.org\/index.php\/wp-json\/wp\/v2\/media?parent=177"}],"curies":[{"name":"wp","href":"https:\/\/api.w.org\/{rel}","templated":true}]}}