{"id":191,"date":"2020-05-18T17:58:47","date_gmt":"2020-05-18T17:58:47","guid":{"rendered":"http:\/\/yerdenizkooperatifi.org\/?page_id=191"},"modified":"2021-02-07T17:24:09","modified_gmt":"2021-02-07T17:24:09","slug":"neden-teknik-elemanlar-kooperatiflesmesi","status":"publish","type":"page","link":"https:\/\/yerdenizkooperatifi.org\/index.php\/anasayfa\/faaliyet-alanlari\/teknik-elemanlar\/neden-teknik-elemanlar-kooperatiflesmesi\/","title":{"rendered":"Neden Teknik Elemanlar Kooperatifle\u015fmesi?"},"content":{"rendered":"\n<p>Uzun senelere dayanan kooperatif tecr\u00fcbemizi, sa\u011fl\u0131kl\u0131 ve adil g\u0131dan\u0131n yan\u0131s\u0131ra, bir\u00e7ok farkl\u0131 faaliyet alan\u0131na ta\u015f\u0131mak i\u00e7in 2019 senesinin Nisan ay\u0131nda YerDeniz \u00e7at\u0131s\u0131 alt\u0131nda biraraya geldik.<\/p>\n\n\n\n<p>Mimar, peyzaj mimar\u0131, i\u00e7 mimar ve m\u00fchendislerden olu\u015fan ekibimizle; meslek eti\u011fine yabanc\u0131la\u015fmadan, kenti, ekolojiyi g\u00f6zeterek, mimarl\u0131k ve m\u00fchendislik hizmetlerini herkes i\u00e7in ula\u015f\u0131labilir hale getirmeyi hedefliyoruz.<\/p>\n\n\n\n<p>Bu hedefler do\u011frultusunda toplumsal e\u015fitli\u011fi ve dayan\u0131\u015fmay\u0131 esas alan, emek s\u00f6m\u00fcr\u00fcs\u00fcne mahal vermeyen, demokratik ilkelere dayanan bir teknik elemanlar \u00e7al\u0131\u015fmas\u0131n\u0131 ortaya koymak \u00fczere yola \u00e7\u0131kt\u0131k.&nbsp; Teknik Elemanlar Kooperatifi, e\u015fit haklar ve adil i\u015f b\u00f6l\u00fcm\u00fcn\u00fc esas alan yatay bir \u00f6rg\u00fctlenmedir; yap\u0131lan \u00e7al\u0131\u015fmalar t\u00fcm bile\u015fenlerinin farkl\u0131 d\u00fczeydeki bilgi ve deneyimlerinin payla\u015f\u0131m\u0131, kolektif emek ve ortak karar alma s\u00fcre\u00e7lerinin \u00fcr\u00fcn\u00fcd\u00fcr.<\/p>\n","protected":false},"excerpt":{"rendered":"<p>Uzun senelere dayanan kooperatif tecr\u00fcbemizi, sa\u011fl\u0131kl\u0131 ve adil g\u0131dan\u0131n yan\u0131s\u0131ra, bir\u00e7ok farkl\u0131 faaliyet alan\u0131na ta\u015f\u0131mak i\u00e7in 2019 senesinin Nisan ay\u0131nda<\/p>\n","protected":false},"author":1,"featured_media":0,"parent":189,"menu_order":0,"comment_status":"closed","ping_status":"closed","template":"","meta":[],"_links":{"self":[{"href":"https:\/\/yerdenizkooperatifi.org\/index.php\/wp-json\/wp\/v2\/pages\/191"}],"collection":[{"href":"https:\/\/yerdenizkooperatifi.org\/index.php\/wp-json\/wp\/v2\/pages"}],"about":[{"href":"https:\/\/yerdenizkooperatifi.org\/index.php\/wp-json\/wp\/v2\/types\/page"}],"author":[{"embeddable":true,"href":"https:\/\/yerdenizkooperatifi.org\/index.php\/wp-json\/wp\/v2\/users\/1"}],"replies":[{"embeddable":true,"href":"https:\/\/yerdenizkooperatifi.org\/index.php\/wp-json\/wp\/v2\/comments?post=191"}],"version-history":[{"count":2,"href":"https:\/\/yerdenizkooperatifi.org\/index.php\/wp-json\/wp\/v2\/pages\/191\/revisions"}],"predecessor-version":[{"id":854,"href":"https:\/\/yerdenizkooperatifi.org\/index.php\/wp-json\/wp\/v2\/pages\/191\/revisions\/854"}],"up":[{"embeddable":true,"href":"https:\/\/yerdenizkooperatifi.org\/index.php\/wp-json\/wp\/v2\/pages\/189"}],"wp:attachment":[{"href":"https:\/\/yerdenizkooperatifi.org\/index.php\/wp-json\/wp\/v2\/media?parent=191"}],"curies":[{"name":"wp","href":"https:\/\/api.w.org\/{rel}","templated":true}]}}