{"id":209,"date":"2020-05-18T18:03:41","date_gmt":"2020-05-18T18:03:41","guid":{"rendered":"http:\/\/yerdenizkooperatifi.org\/?page_id=209"},"modified":"2026-02-17T14:30:00","modified_gmt":"2026-02-17T14:30:00","slug":"atolyeler","status":"publish","type":"page","link":"https:\/\/yerdenizkooperatifi.org\/index.php\/etkinlikler\/atolyeler\/","title":{"rendered":"At\u00f6lyeler"},"content":{"rendered":"\n<section id=\"gf73963\" class=\"wp-block-gutentor-p4 section-gf73963 gutentor-post-module gutentor-advanced-post-module\" data-gpid=\"209\" data-l-ani=\"gp4-animation-1\" data-i-b=\"gutentor\/p1\" data-maxnumpages=\"1\">\n<div id=\"section-g9fb2d8\" class=\"wp-block-gutentor-e16 section-g9fb2d8 gutentor-element gutentor-post-header\"><div class=\"grid-container\"><div class=\"grid-row\">\n<div id=\"col-gm8f092e\" class=\"wp-block-gutentor-e15 gutentor-single-column  grid-lg-5 grid-md-5 grid-5\"><div id=\"section-gm8f092e\" class=\"section-gm8f092e gutentor-col-wrap\"><\/div><\/div>\n\n\n\n<div id=\"col-gm58fc49\" class=\"wp-block-gutentor-e15 gutentor-single-column  grid-lg-5 grid-md-5 grid-5\"><div id=\"section-gm58fc49\" class=\"section-gm58fc49 gutentor-col-wrap\"><\/div><\/div>\n\n\n\n<div id=\"col-gmf2e135\" class=\"wp-block-gutentor-e15 gutentor-single-column  grid-lg-2 grid-md-2 grid-2\"><div id=\"section-gmf2e135\" class=\"section-gmf2e135 gutentor-col-wrap\">\n<div id=\"section-g8ebdb1\" class=\"wp-block-gutentor-e13 section-g8ebdb1 gutentor-element gutentor-element-navigation text-align-right-desktop text-align-right-tablet text-align-left-mobile\"><div class=\"gutentor-navigation\" data-gpage=\"1\"><ul class=\"gutentor-next-prev\"><li><a class=\"gutentor-disabled g-nav-prev\"><i class=\"fas fa-chevron-left\"><\/i><\/a><\/li><li><a class=\"g-nav-next gutentor-disabled\"><i class=\"fas fa-chevron-right\"><\/i><\/a><\/li><\/ul><\/div><\/div>\n<\/div><\/div>\n<\/div><\/div><\/div>\n\n\n<section class=\"gutentor-post-module section-2b0fc101-a2e4-4587-99aa-bf285caafad9 gutentor-post-module-p1 gutentor_p1_template1 gutentor-blog-list\" id=\"2b0fc101-a2e4-4587-99aa-bf285caafad9\" data-gbid=\"2b0fc101-a2e4-4587-99aa-bf285caafad9\" >\n<div class='grid-container'><div class='grid-row' ><article class='gutentor-post'><div class=\"gutentor-post-item\"><div class=\"gutentor-post-image-box\"><div class=\"gutentor-image-thumb\"><img width=\"461\" height=\"365\" src=\"https:\/\/yerdenizkooperatifi.org\/wp-content\/uploads\/2025\/10\/tursu-atolye-2-e1760537968170-461x365.jpg\" class=\"attachment-medium size-medium wp-post-image\" alt=\"\" loading=\"lazy\" srcset=\"https:\/\/yerdenizkooperatifi.org\/wp-content\/uploads\/2025\/10\/tursu-atolye-2-e1760537968170-461x365.jpg 461w, https:\/\/yerdenizkooperatifi.org\/wp-content\/uploads\/2025\/10\/tursu-atolye-2-e1760537968170-840x666.jpg 840w, https:\/\/yerdenizkooperatifi.org\/wp-content\/uploads\/2025\/10\/tursu-atolye-2-e1760537968170-768x609.jpg 768w, https:\/\/yerdenizkooperatifi.org\/wp-content\/uploads\/2025\/10\/tursu-atolye-2-e1760537968170.jpg 1485w\" sizes=\"(max-width: 461px) 100vw, 461px\" \/><\/div><\/div><div class=\"gutentor-post-content\"><div class=\"gutentor-post-title-data-wrap\"><h3 class=\"gutentor-post-title\"><a href=\"https:\/\/yerdenizkooperatifi.org\/index.php\/2025\/10\/11\/biz-kisa-haziriz-ya-siz\/\" rel=\"bookmark\">Biz K\u0131\u015fa Haz\u0131r\u0131z, Ya Siz?<\/a><\/h3><\/div><div class=\"gutentor-post-desc\">Rasimpa\u015fa Mahallesi Muhtarl\u0131\u011f\u0131 ve YerDeniz Kooperatifi ortak \u00e7a\u011fr\u0131s\u0131yla 11 Ekim 2025 saat 15.00 ile &hellip;<\/div><a class=\"gutentor-button gutentor-post-button\"  href=\"https:\/\/yerdenizkooperatifi.org\/index.php\/2025\/10\/11\/biz-kisa-haziriz-ya-siz\/\" href=\"https:\/\/yerdenizkooperatifi.org\/index.php\/2025\/10\/11\/biz-kisa-haziriz-ya-siz\/\"><span>Devam\u0131&#8230;<\/span><\/a><\/div><\/div><\/article><article class='gutentor-post'><div class=\"gutentor-post-item\"><div class=\"gutentor-post-image-box\"><div class=\"gutentor-image-thumb\"><img width=\"487\" height=\"365\" src=\"https:\/\/yerdenizkooperatifi.org\/wp-content\/uploads\/2022\/06\/IMG_20220521_181233-487x365.jpg\" class=\"attachment-medium size-medium wp-post-image\" alt=\"\" loading=\"lazy\" srcset=\"https:\/\/yerdenizkooperatifi.org\/wp-content\/uploads\/2022\/06\/IMG_20220521_181233-487x365.jpg 487w, https:\/\/yerdenizkooperatifi.org\/wp-content\/uploads\/2022\/06\/IMG_20220521_181233-840x630.jpg 840w, https:\/\/yerdenizkooperatifi.org\/wp-content\/uploads\/2022\/06\/IMG_20220521_181233-768x576.jpg 768w, https:\/\/yerdenizkooperatifi.org\/wp-content\/uploads\/2022\/06\/IMG_20220521_181233-1536x1152.jpg 1536w, https:\/\/yerdenizkooperatifi.org\/wp-content\/uploads\/2022\/06\/IMG_20220521_181233-2048x1536.jpg 2048w, https:\/\/yerdenizkooperatifi.org\/wp-content\/uploads\/2022\/06\/IMG_20220521_181233-600x450.jpg 600w\" sizes=\"(max-width: 487px) 100vw, 487px\" \/><\/div><\/div><div class=\"gutentor-post-content\"><div class=\"gutentor-post-title-data-wrap\"><h3 class=\"gutentor-post-title\"><a href=\"https:\/\/yerdenizkooperatifi.org\/index.php\/2022\/06\/16\/kuzguncukta-bahar-tadinda-peynir-atolyesi\/\" rel=\"bookmark\">Kuzguncuk\u2019ta Bahar Tad\u0131nda Peynir At\u00f6lyesi<\/a><\/h3><\/div><div class=\"gutentor-post-desc\">Havalar\u0131n \u0131s\u0131nmas\u0131yla birlikte Kuzguncuk bah\u00e7ede peynir at\u00f6lyesi d\u00fczenledik. 21 May\u0131s 2022\u2019de d\u00fczenl&hellip;<\/div><a class=\"gutentor-button gutentor-post-button\"  href=\"https:\/\/yerdenizkooperatifi.org\/index.php\/2022\/06\/16\/kuzguncukta-bahar-tadinda-peynir-atolyesi\/\" href=\"https:\/\/yerdenizkooperatifi.org\/index.php\/2022\/06\/16\/kuzguncukta-bahar-tadinda-peynir-atolyesi\/\"><span>Devam\u0131&#8230;<\/span><\/a><\/div><\/div><\/article><article class='gutentor-post'><div class=\"gutentor-post-item\"><div class=\"gutentor-post-image-box\"><div class=\"gutentor-image-thumb\"><img width=\"486\" height=\"365\" src=\"https:\/\/yerdenizkooperatifi.org\/wp-content\/uploads\/2022\/03\/IMG_20211128_175530-486x365.jpg\" class=\"attachment-medium size-medium wp-post-image\" alt=\"\" loading=\"lazy\" srcset=\"https:\/\/yerdenizkooperatifi.org\/wp-content\/uploads\/2022\/03\/IMG_20211128_175530-486x365.jpg 486w, https:\/\/yerdenizkooperatifi.org\/wp-content\/uploads\/2022\/03\/IMG_20211128_175530-840x631.jpg 840w, https:\/\/yerdenizkooperatifi.org\/wp-content\/uploads\/2022\/03\/IMG_20211128_175530-768x577.jpg 768w, https:\/\/yerdenizkooperatifi.org\/wp-content\/uploads\/2022\/03\/IMG_20211128_175530-1536x1153.jpg 1536w, https:\/\/yerdenizkooperatifi.org\/wp-content\/uploads\/2022\/03\/IMG_20211128_175530-2048x1538.jpg 2048w, https:\/\/yerdenizkooperatifi.org\/wp-content\/uploads\/2022\/03\/IMG_20211128_175530-600x450.jpg 600w\" sizes=\"(max-width: 486px) 100vw, 486px\" \/><\/div><\/div><div class=\"gutentor-post-content\"><div class=\"gutentor-post-title-data-wrap\"><h3 class=\"gutentor-post-title\"><a href=\"https:\/\/yerdenizkooperatifi.org\/index.php\/2021\/11\/28\/gida-egemenligi-tahayyulumuzun-25-yilini-coskuyla-kutladik\/\" rel=\"bookmark\">G\u0131da Egemenli\u011fi Tahayy\u00fcl\u00fcm\u00fcz\u00fcn 25. Y\u0131l\u0131n\u0131 Co\u015fkuyla Kutlad\u0131k<\/a><\/h3><\/div><div class=\"gutentor-post-desc\">G\u0131da egemenli\u011fi sermayeci g\u0131da sistemlerini de\u011fi\u015ftirmek, a\u00e7l\u0131\u011fa ve yetersiz beslenmeye son vermek, e&hellip;<\/div><a class=\"gutentor-button gutentor-post-button\"  href=\"https:\/\/yerdenizkooperatifi.org\/index.php\/2021\/11\/28\/gida-egemenligi-tahayyulumuzun-25-yilini-coskuyla-kutladik\/\" href=\"https:\/\/yerdenizkooperatifi.org\/index.php\/2021\/11\/28\/gida-egemenligi-tahayyulumuzun-25-yilini-coskuyla-kutladik\/\"><span>Devam\u0131&#8230;<\/span><\/a><\/div><\/div><\/article><article class='gutentor-post'><div class=\"gutentor-post-item\"><div class=\"gutentor-post-image-box\"><div class=\"gutentor-image-thumb\"><img width=\"660\" height=\"330\" src=\"https:\/\/yerdenizkooperatifi.org\/wp-content\/uploads\/2022\/03\/ge2-e1637933629132-800x400-1-660x330.jpeg\" class=\"attachment-medium size-medium wp-post-image\" alt=\"\" loading=\"lazy\" srcset=\"https:\/\/yerdenizkooperatifi.org\/wp-content\/uploads\/2022\/03\/ge2-e1637933629132-800x400-1-660x330.jpeg 660w, https:\/\/yerdenizkooperatifi.org\/wp-content\/uploads\/2022\/03\/ge2-e1637933629132-800x400-1-768x384.jpeg 768w, https:\/\/yerdenizkooperatifi.org\/wp-content\/uploads\/2022\/03\/ge2-e1637933629132-800x400-1.jpeg 800w\" sizes=\"(max-width: 660px) 100vw, 660px\" \/><\/div><\/div><div class=\"gutentor-post-content\"><div class=\"gutentor-post-title-data-wrap\"><h3 class=\"gutentor-post-title\"><a href=\"https:\/\/yerdenizkooperatifi.org\/index.php\/2021\/11\/26\/gida-egemenligi-yoksa-gelecek-yok-diyen-ureticiler-ve-kooperatifler-28-kasimda-bir-arada\/\" rel=\"bookmark\">\u2018G\u0131da egemenli\u011fi yoksa gelecek yok\u2019 diyen \u00fcreticiler ve kooperatifler 28 Kas\u0131m\u2019da bir arada<\/a><\/h3><\/div><div class=\"gutentor-post-desc\">G\u0131da egemenli\u011finin 25&#8217;inci y\u0131l\u0131 28 Kas\u0131m Pazar g\u00fcn\u00fc Kad\u0131k\u00f6y Tarihi Sal\u0131 Pazar\u0131&#8217;ndaki at\u00f6lyeler ve s\u00f6&hellip;<\/div><a class=\"gutentor-button gutentor-post-button\"  href=\"https:\/\/yerdenizkooperatifi.org\/index.php\/2021\/11\/26\/gida-egemenligi-yoksa-gelecek-yok-diyen-ureticiler-ve-kooperatifler-28-kasimda-bir-arada\/\" href=\"https:\/\/yerdenizkooperatifi.org\/index.php\/2021\/11\/26\/gida-egemenligi-yoksa-gelecek-yok-diyen-ureticiler-ve-kooperatifler-28-kasimda-bir-arada\/\"><span>Devam\u0131&#8230;<\/span><\/a><\/div><\/div><\/article><article class='gutentor-post'><div class=\"gutentor-post-item\"><div class=\"gutentor-post-image-box\"><div class=\"gutentor-image-thumb\"><img width=\"487\" height=\"365\" src=\"https:\/\/yerdenizkooperatifi.org\/wp-content\/uploads\/2021\/01\/18-487x365.jpg\" class=\"attachment-medium size-medium wp-post-image\" alt=\"\" loading=\"lazy\" srcset=\"https:\/\/yerdenizkooperatifi.org\/wp-content\/uploads\/2021\/01\/18-487x365.jpg 487w, https:\/\/yerdenizkooperatifi.org\/wp-content\/uploads\/2021\/01\/18-840x630.jpg 840w, https:\/\/yerdenizkooperatifi.org\/wp-content\/uploads\/2021\/01\/18-768x576.jpg 768w, https:\/\/yerdenizkooperatifi.org\/wp-content\/uploads\/2021\/01\/18-1536x1152.jpg 1536w, https:\/\/yerdenizkooperatifi.org\/wp-content\/uploads\/2021\/01\/18-600x450.jpg 600w, https:\/\/yerdenizkooperatifi.org\/wp-content\/uploads\/2021\/01\/18.jpg 1600w\" sizes=\"(max-width: 487px) 100vw, 487px\" \/><\/div><\/div><div class=\"gutentor-post-content\"><div class=\"gutentor-post-title-data-wrap\"><h3 class=\"gutentor-post-title\"><a href=\"https:\/\/yerdenizkooperatifi.org\/index.php\/2019\/07\/13\/obje-atolyesi\/\" rel=\"bookmark\">Conc Design \u0130le Obje At\u00f6lyesi<\/a><\/h3><\/div><div class=\"gutentor-post-desc\">Kooperatif dostlar\u0131m\u0131zdan Conc Design ile 13 Temmuz Cumartesi g\u00fcn\u00fc saat 14:00\u2019de bir araya gelerek, &hellip;<\/div><a class=\"gutentor-button gutentor-post-button\"  href=\"https:\/\/yerdenizkooperatifi.org\/index.php\/2019\/07\/13\/obje-atolyesi\/\" href=\"https:\/\/yerdenizkooperatifi.org\/index.php\/2019\/07\/13\/obje-atolyesi\/\"><span>Devam\u0131&#8230;<\/span><\/a><\/div><\/div><\/article><article class='gutentor-post'><div class=\"gutentor-post-item\"><div class=\"gutentor-post-image-box\"><div class=\"gutentor-image-thumb\"><img width=\"649\" height=\"365\" src=\"https:\/\/yerdenizkooperatifi.org\/wp-content\/uploads\/2021\/01\/20190613_161326-649x365.jpg\" class=\"attachment-medium size-medium wp-post-image\" alt=\"\" loading=\"lazy\" srcset=\"https:\/\/yerdenizkooperatifi.org\/wp-content\/uploads\/2021\/01\/20190613_161326-649x365.jpg 649w, https:\/\/yerdenizkooperatifi.org\/wp-content\/uploads\/2021\/01\/20190613_161326-840x473.jpg 840w, https:\/\/yerdenizkooperatifi.org\/wp-content\/uploads\/2021\/01\/20190613_161326-500x280.jpg 500w, https:\/\/yerdenizkooperatifi.org\/wp-content\/uploads\/2021\/01\/20190613_161326-768x432.jpg 768w, https:\/\/yerdenizkooperatifi.org\/wp-content\/uploads\/2021\/01\/20190613_161326-1536x864.jpg 1536w, https:\/\/yerdenizkooperatifi.org\/wp-content\/uploads\/2021\/01\/20190613_161326-2048x1152.jpg 2048w, https:\/\/yerdenizkooperatifi.org\/wp-content\/uploads\/2021\/01\/20190613_161326-1360x765.jpg 1360w\" sizes=\"(max-width: 649px) 100vw, 649px\" \/><\/div><\/div><div class=\"gutentor-post-content\"><div class=\"gutentor-post-title-data-wrap\"><h3 class=\"gutentor-post-title\"><a href=\"https:\/\/yerdenizkooperatifi.org\/index.php\/2019\/06\/13\/minder-atolyesi\/\" rel=\"bookmark\">Rengarenk Minder At\u00f6lyesi<\/a><\/h3><\/div><div class=\"gutentor-post-desc\">G\u00f6ztepe Kooperatifi Giri\u015fimi ile 13 Haziran 2019 g\u00fcn\u00fc&nbsp; bah\u00e7e mobilyalar\u0131m\u0131z i\u00e7in minderler yapt&hellip;<\/div><a class=\"gutentor-button gutentor-post-button\"  href=\"https:\/\/yerdenizkooperatifi.org\/index.php\/2019\/06\/13\/minder-atolyesi\/\" href=\"https:\/\/yerdenizkooperatifi.org\/index.php\/2019\/06\/13\/minder-atolyesi\/\"><span>Devam\u0131&#8230;<\/span><\/a><\/div><\/div><\/article><\/div><\/div><\/section>\n\n\n<div id=\"section-g749791\" class=\"wp-block-gutentor-e17 section-g749791 gutentor-element gutentor-post-footer\"><div class=\"grid-container\"><div class=\"grid-row\">\n<div id=\"col-gm96cf65\" class=\"wp-block-gutentor-e15 gutentor-single-column  grid-lg-12 grid-md-12 grid-12\"><div id=\"section-gm96cf65\" class=\"section-gm96cf65 gutentor-col-wrap\">\n<div id=\"section-g507dc9\" class=\"wp-block-gutentor-e12 section-g507dc9 gutentor-element gutentor-element-pagination text-align-center-mobile\"><div class=\"gutentor-pagination-wrap\" data-maxnumpages=\"1\"><ul class=\"gutentor-pagination\"><li class=\"gutentor-pagination-item gutentor-pagination-prev\"><a class=\"gutentor-pagination-link gutentor-disabled\" href=\"#\"><i class=\"fas fa-chevron-left\"><\/i>Previous<\/a><\/li><li class=\"gutentor-pagination-item gutentor-pagination-active\" data-gpage=\"1\"><a class=\"gutentor-pagination-link\" href=\"#\">1<\/a><\/li><li class=\"gutentor-pagination-item gutentor-pagination-next\"><a class=\"gutentor-pagination-link gutentor-disabled\" href=\"#\" data-gpage=\"2\">Next<i class=\"fas fa-chevron-right\"><\/i><\/a><\/li><\/ul><\/div><\/div>\n<\/div><\/div>\n<\/div><\/div><\/div>\n<\/section>\n","protected":false},"excerpt":{"rendered":"","protected":false},"author":1,"featured_media":0,"parent":76,"menu_order":0,"comment_status":"closed","ping_status":"closed","template":"","meta":[],"_links":{"self":[{"href":"https:\/\/yerdenizkooperatifi.org\/index.php\/wp-json\/wp\/v2\/pages\/209"}],"collection":[{"href":"https:\/\/yerdenizkooperatifi.org\/index.php\/wp-json\/wp\/v2\/pages"}],"about":[{"href":"https:\/\/yerdenizkooperatifi.org\/index.php\/wp-json\/wp\/v2\/types\/page"}],"author":[{"embeddable":true,"href":"https:\/\/yerdenizkooperatifi.org\/index.php\/wp-json\/wp\/v2\/users\/1"}],"replies":[{"embeddable":true,"href":"https:\/\/yerdenizkooperatifi.org\/index.php\/wp-json\/wp\/v2\/comments?post=209"}],"version-history":[{"count":5,"href":"https:\/\/yerdenizkooperatifi.org\/index.php\/wp-json\/wp\/v2\/pages\/209\/revisions"}],"predecessor-version":[{"id":2668,"href":"https:\/\/yerdenizkooperatifi.org\/index.php\/wp-json\/wp\/v2\/pages\/209\/revisions\/2668"}],"up":[{"embeddable":true,"href":"https:\/\/yerdenizkooperatifi.org\/index.php\/wp-json\/wp\/v2\/pages\/76"}],"wp:attachment":[{"href":"https:\/\/yerdenizkooperatifi.org\/index.php\/wp-json\/wp\/v2\/media?parent=209"}],"curies":[{"name":"wp","href":"https:\/\/api.w.org\/{rel}","templated":true}]}}