{"id":211,"date":"2020-05-18T18:04:09","date_gmt":"2020-05-18T18:04:09","guid":{"rendered":"http:\/\/yerdenizkooperatifi.org\/?page_id=211"},"modified":"2026-02-17T14:30:28","modified_gmt":"2026-02-17T14:30:28","slug":"mahalle-calismalari","status":"publish","type":"page","link":"https:\/\/yerdenizkooperatifi.org\/index.php\/etkinlikler\/mahalle-calismalari\/","title":{"rendered":"Mahalle \u00c7al\u0131\u015fmalar\u0131"},"content":{"rendered":"\n<section id=\"gcaec81\" class=\"wp-block-gutentor-p4 section-gcaec81 gutentor-post-module gutentor-advanced-post-module\" data-gpid=\"211\" data-l-ani=\"gp4-animation-1\" data-i-b=\"gutentor\/p1\" data-maxnumpages=\"1\">\n<div id=\"section-g6ac8c4\" class=\"wp-block-gutentor-e16 section-g6ac8c4 gutentor-element gutentor-post-header\"><div class=\"grid-container\"><div class=\"grid-row\">\n<div id=\"col-gm354c5e\" class=\"wp-block-gutentor-e15 gutentor-single-column  grid-lg-5 grid-md-5 grid-5\"><div id=\"section-gm354c5e\" class=\"section-gm354c5e gutentor-col-wrap\"><\/div><\/div>\n\n\n\n<div id=\"col-gm5ca7b9\" class=\"wp-block-gutentor-e15 gutentor-single-column  grid-lg-5 grid-md-5 grid-5\"><div id=\"section-gm5ca7b9\" class=\"section-gm5ca7b9 gutentor-col-wrap\"><\/div><\/div>\n\n\n\n<div id=\"col-gm793c6e\" class=\"wp-block-gutentor-e15 gutentor-single-column  grid-lg-2 grid-md-2 grid-2\"><div id=\"section-gm793c6e\" class=\"section-gm793c6e gutentor-col-wrap\">\n<div id=\"section-ga30c50\" class=\"wp-block-gutentor-e13 section-ga30c50 gutentor-element gutentor-element-navigation text-align-right-desktop text-align-right-tablet text-align-left-mobile\"><div class=\"gutentor-navigation\" data-gpage=\"1\"><ul class=\"gutentor-next-prev\"><li><a class=\"gutentor-disabled g-nav-prev\"><i class=\"fas fa-chevron-left\"><\/i><\/a><\/li><li><a class=\"g-nav-next gutentor-disabled\"><i class=\"fas fa-chevron-right\"><\/i><\/a><\/li><\/ul><\/div><\/div>\n<\/div><\/div>\n<\/div><\/div><\/div>\n\n\n<section class=\"gutentor-post-module section-3a7a3637-4398-418b-b99c-385604466e14 gutentor-post-module-p1 gutentor_p1_template1 gutentor-blog-list\" id=\"3a7a3637-4398-418b-b99c-385604466e14\" data-gbid=\"3a7a3637-4398-418b-b99c-385604466e14\" >\n<div class='grid-container'><div class='grid-row' ><article class='gutentor-post'><div class=\"gutentor-post-item\"><div class=\"gutentor-post-image-box\"><div class=\"gutentor-image-thumb\"><img width=\"461\" height=\"365\" src=\"https:\/\/yerdenizkooperatifi.org\/wp-content\/uploads\/2025\/10\/tursu-atolye-2-e1760537968170-461x365.jpg\" class=\"attachment-medium size-medium wp-post-image\" alt=\"\" loading=\"lazy\" srcset=\"https:\/\/yerdenizkooperatifi.org\/wp-content\/uploads\/2025\/10\/tursu-atolye-2-e1760537968170-461x365.jpg 461w, https:\/\/yerdenizkooperatifi.org\/wp-content\/uploads\/2025\/10\/tursu-atolye-2-e1760537968170-840x666.jpg 840w, https:\/\/yerdenizkooperatifi.org\/wp-content\/uploads\/2025\/10\/tursu-atolye-2-e1760537968170-768x609.jpg 768w, https:\/\/yerdenizkooperatifi.org\/wp-content\/uploads\/2025\/10\/tursu-atolye-2-e1760537968170.jpg 1485w\" sizes=\"(max-width: 461px) 100vw, 461px\" \/><\/div><\/div><div class=\"gutentor-post-content\"><div class=\"gutentor-post-title-data-wrap\"><h3 class=\"gutentor-post-title\"><a href=\"https:\/\/yerdenizkooperatifi.org\/index.php\/2025\/10\/11\/biz-kisa-haziriz-ya-siz\/\" rel=\"bookmark\">Biz K\u0131\u015fa Haz\u0131r\u0131z, Ya Siz?<\/a><\/h3><\/div><div class=\"gutentor-post-desc\">Rasimpa\u015fa Mahallesi Muhtarl\u0131\u011f\u0131 ve YerDeniz Kooperatifi ortak \u00e7a\u011fr\u0131s\u0131yla 11 Ekim 2025 saat 15.00 ile &hellip;<\/div><a class=\"gutentor-button gutentor-post-button\"  href=\"https:\/\/yerdenizkooperatifi.org\/index.php\/2025\/10\/11\/biz-kisa-haziriz-ya-siz\/\" href=\"https:\/\/yerdenizkooperatifi.org\/index.php\/2025\/10\/11\/biz-kisa-haziriz-ya-siz\/\"><span>Devam\u0131&#8230;<\/span><\/a><\/div><\/div><\/article><article class='gutentor-post'><div class=\"gutentor-post-item\"><div class=\"gutentor-post-image-box\"><div class=\"gutentor-image-thumb\"><img width=\"487\" height=\"365\" src=\"https:\/\/yerdenizkooperatifi.org\/wp-content\/uploads\/2026\/02\/fotos3-487x365.jpeg\" class=\"attachment-medium size-medium wp-post-image\" alt=\"\" loading=\"lazy\" srcset=\"https:\/\/yerdenizkooperatifi.org\/wp-content\/uploads\/2026\/02\/fotos3-487x365.jpeg 487w, https:\/\/yerdenizkooperatifi.org\/wp-content\/uploads\/2026\/02\/fotos3-840x630.jpeg 840w, https:\/\/yerdenizkooperatifi.org\/wp-content\/uploads\/2026\/02\/fotos3-768x576.jpeg 768w, https:\/\/yerdenizkooperatifi.org\/wp-content\/uploads\/2026\/02\/fotos3-1536x1152.jpeg 1536w, https:\/\/yerdenizkooperatifi.org\/wp-content\/uploads\/2026\/02\/fotos3-600x450.jpeg 600w, https:\/\/yerdenizkooperatifi.org\/wp-content\/uploads\/2026\/02\/fotos3.jpeg 2000w\" sizes=\"(max-width: 487px) 100vw, 487px\" \/><\/div><\/div><div class=\"gutentor-post-content\"><div class=\"gutentor-post-title-data-wrap\"><h3 class=\"gutentor-post-title\"><a href=\"https:\/\/yerdenizkooperatifi.org\/index.php\/2025\/09\/13\/tarlada-hasat-zamani\/\" rel=\"bookmark\">Tarlada Hasat Zaman\u0131<\/a><\/h3><\/div><div class=\"gutentor-post-desc\">Yaz d\u00f6nemi ekimini nas\u0131l yapaca\u011f\u0131z derken \u00fcr\u00fcnlerimiz yeti\u015fti, hasat zaman\u0131 geldi bile. Ba\u015fta domate&hellip;<\/div><a class=\"gutentor-button gutentor-post-button\"  href=\"https:\/\/yerdenizkooperatifi.org\/index.php\/2025\/09\/13\/tarlada-hasat-zamani\/\" href=\"https:\/\/yerdenizkooperatifi.org\/index.php\/2025\/09\/13\/tarlada-hasat-zamani\/\"><span>Devam\u0131&#8230;<\/span><\/a><\/div><\/div><\/article><article class='gutentor-post'><div class=\"gutentor-post-item\"><div class=\"gutentor-post-image-box\"><div class=\"gutentor-image-thumb\"><img width=\"487\" height=\"365\" src=\"https:\/\/yerdenizkooperatifi.org\/wp-content\/uploads\/2026\/02\/foto4-487x365.jpeg\" class=\"attachment-medium size-medium wp-post-image\" alt=\"\" loading=\"lazy\" srcset=\"https:\/\/yerdenizkooperatifi.org\/wp-content\/uploads\/2026\/02\/foto4-487x365.jpeg 487w, https:\/\/yerdenizkooperatifi.org\/wp-content\/uploads\/2026\/02\/foto4-840x630.jpeg 840w, https:\/\/yerdenizkooperatifi.org\/wp-content\/uploads\/2026\/02\/foto4-768x576.jpeg 768w, https:\/\/yerdenizkooperatifi.org\/wp-content\/uploads\/2026\/02\/foto4-1536x1152.jpeg 1536w, https:\/\/yerdenizkooperatifi.org\/wp-content\/uploads\/2026\/02\/foto4-600x450.jpeg 600w, https:\/\/yerdenizkooperatifi.org\/wp-content\/uploads\/2026\/02\/foto4.jpeg 2000w\" sizes=\"(max-width: 487px) 100vw, 487px\" \/><\/div><\/div><div class=\"gutentor-post-content\"><div class=\"gutentor-post-title-data-wrap\"><h3 class=\"gutentor-post-title\"><a href=\"https:\/\/yerdenizkooperatifi.org\/index.php\/2025\/03\/16\/longo-maili-dostlarla-film-gosterimi\/\" rel=\"bookmark\">Longo Mai&#8217;li Dostlarla Film G\u00f6sterimi<\/a><\/h3><\/div><div class=\"gutentor-post-desc\">Tarlada bezelyeler b\u00fcy\u00fcrken agroekoloji uygulama alan\u0131m\u0131zda Fransa&#8217;dan 50 y\u0131ll\u0131k bir kooperatif olan&hellip;<\/div><a class=\"gutentor-button gutentor-post-button\"  href=\"https:\/\/yerdenizkooperatifi.org\/index.php\/2025\/03\/16\/longo-maili-dostlarla-film-gosterimi\/\" href=\"https:\/\/yerdenizkooperatifi.org\/index.php\/2025\/03\/16\/longo-maili-dostlarla-film-gosterimi\/\"><span>Devam\u0131&#8230;<\/span><\/a><\/div><\/div><\/article><article class='gutentor-post'><div class=\"gutentor-post-item\"><div class=\"gutentor-post-image-box\"><div class=\"gutentor-image-thumb\"><img width=\"649\" height=\"365\" src=\"https:\/\/yerdenizkooperatifi.org\/wp-content\/uploads\/2021\/01\/deprem1-649x365.jpg\" class=\"attachment-medium size-medium wp-post-image\" alt=\"\" loading=\"lazy\" srcset=\"https:\/\/yerdenizkooperatifi.org\/wp-content\/uploads\/2021\/01\/deprem1-649x365.jpg 649w, https:\/\/yerdenizkooperatifi.org\/wp-content\/uploads\/2021\/01\/deprem1-840x473.jpg 840w, https:\/\/yerdenizkooperatifi.org\/wp-content\/uploads\/2021\/01\/deprem1-500x280.jpg 500w, https:\/\/yerdenizkooperatifi.org\/wp-content\/uploads\/2021\/01\/deprem1-768x432.jpg 768w, https:\/\/yerdenizkooperatifi.org\/wp-content\/uploads\/2021\/01\/deprem1-1536x864.jpg 1536w, https:\/\/yerdenizkooperatifi.org\/wp-content\/uploads\/2021\/01\/deprem1-2048x1152.jpg 2048w, https:\/\/yerdenizkooperatifi.org\/wp-content\/uploads\/2021\/01\/deprem1-1360x765.jpg 1360w\" sizes=\"(max-width: 649px) 100vw, 649px\" \/><\/div><\/div><div class=\"gutentor-post-content\"><div class=\"gutentor-post-title-data-wrap\"><h3 class=\"gutentor-post-title\"><a href=\"https:\/\/yerdenizkooperatifi.org\/index.php\/2019\/10\/09\/rasimpasa-afet-gonulluleri\/\" rel=\"bookmark\">Rasimpa\u015fa Afet G\u00f6n\u00fcll\u00fcleri Kuruldu<\/a><\/h3><\/div><div class=\"gutentor-post-desc\">Rasimpa\u015fa Mahalle Muhtar\u0131 Sultan Aksu\u2019nun depreme haz\u0131rl\u0131k i\u00e7in Kad\u0131k\u00f6y Belediyesi yapt\u0131\u011f\u0131 ba\u015fvurula&hellip;<\/div><a class=\"gutentor-button gutentor-post-button\"  href=\"https:\/\/yerdenizkooperatifi.org\/index.php\/2019\/10\/09\/rasimpasa-afet-gonulluleri\/\" href=\"https:\/\/yerdenizkooperatifi.org\/index.php\/2019\/10\/09\/rasimpasa-afet-gonulluleri\/\"><span>Devam\u0131&#8230;<\/span><\/a><\/div><\/div><\/article><article class='gutentor-post'><div class=\"gutentor-post-item\"><div class=\"gutentor-post-image-box\"><div class=\"gutentor-image-thumb\"><img width=\"649\" height=\"365\" src=\"https:\/\/yerdenizkooperatifi.org\/wp-content\/uploads\/2021\/01\/20190922_154151-649x365.jpg\" class=\"attachment-medium size-medium wp-post-image\" alt=\"\" loading=\"lazy\" srcset=\"https:\/\/yerdenizkooperatifi.org\/wp-content\/uploads\/2021\/01\/20190922_154151-649x365.jpg 649w, https:\/\/yerdenizkooperatifi.org\/wp-content\/uploads\/2021\/01\/20190922_154151-840x473.jpg 840w, https:\/\/yerdenizkooperatifi.org\/wp-content\/uploads\/2021\/01\/20190922_154151-500x280.jpg 500w, https:\/\/yerdenizkooperatifi.org\/wp-content\/uploads\/2021\/01\/20190922_154151-768x432.jpg 768w, https:\/\/yerdenizkooperatifi.org\/wp-content\/uploads\/2021\/01\/20190922_154151-1536x864.jpg 1536w, https:\/\/yerdenizkooperatifi.org\/wp-content\/uploads\/2021\/01\/20190922_154151-2048x1152.jpg 2048w, https:\/\/yerdenizkooperatifi.org\/wp-content\/uploads\/2021\/01\/20190922_154151-1360x765.jpg 1360w\" sizes=\"(max-width: 649px) 100vw, 649px\" \/><\/div><\/div><div class=\"gutentor-post-content\"><div class=\"gutentor-post-title-data-wrap\"><h3 class=\"gutentor-post-title\"><a href=\"https:\/\/yerdenizkooperatifi.org\/index.php\/2019\/09\/22\/mahalleli-bir-arada-tursu-kurdu-susuz-tursu-tarifi-herkesi-sasirtti\/\" rel=\"bookmark\">Mahalleli Bir Arada Tur\u015fu Kurdu<\/a><\/h3><\/div><div class=\"gutentor-post-desc\">\u0130stanbul Kad\u0131k\u00f6y\u2019de Yelde\u011firmeni olarak da an\u0131lan Rasimpa\u015fa Mahallesi\u2019nde birlikte tur\u015fu kuruldu.\n\n\n&hellip;<\/div><a class=\"gutentor-button gutentor-post-button\"  href=\"https:\/\/yerdenizkooperatifi.org\/index.php\/2019\/09\/22\/mahalleli-bir-arada-tursu-kurdu-susuz-tursu-tarifi-herkesi-sasirtti\/\" href=\"https:\/\/yerdenizkooperatifi.org\/index.php\/2019\/09\/22\/mahalleli-bir-arada-tursu-kurdu-susuz-tursu-tarifi-herkesi-sasirtti\/\"><span>Devam\u0131&#8230;<\/span><\/a><\/div><\/div><\/article><\/div><\/div><\/section>\n\n\n<div id=\"section-gf33b1f\" class=\"wp-block-gutentor-e17 section-gf33b1f gutentor-element gutentor-post-footer\"><div class=\"grid-container\"><div class=\"grid-row\">\n<div id=\"col-gm9e8ce6\" class=\"wp-block-gutentor-e15 gutentor-single-column  grid-lg-12 grid-md-12 grid-12\"><div id=\"section-gm9e8ce6\" class=\"section-gm9e8ce6 gutentor-col-wrap\">\n<div id=\"section-g72f2f1\" class=\"wp-block-gutentor-e12 section-g72f2f1 gutentor-element gutentor-element-pagination text-align-center-mobile\"><div class=\"gutentor-pagination-wrap\" data-maxnumpages=\"1\"><ul class=\"gutentor-pagination\"><li class=\"gutentor-pagination-item gutentor-pagination-prev\"><a class=\"gutentor-pagination-link gutentor-disabled\" href=\"#\"><i class=\"fas fa-chevron-left\"><\/i>Previous<\/a><\/li><li class=\"gutentor-pagination-item gutentor-pagination-active\" data-gpage=\"1\"><a class=\"gutentor-pagination-link\" href=\"#\">1<\/a><\/li><li class=\"gutentor-pagination-item gutentor-pagination-next\"><a class=\"gutentor-pagination-link gutentor-disabled\" href=\"#\" data-gpage=\"2\">Next<i class=\"fas fa-chevron-right\"><\/i><\/a><\/li><\/ul><\/div><\/div>\n<\/div><\/div>\n<\/div><\/div><\/div>\n<\/section>\n","protected":false},"excerpt":{"rendered":"","protected":false},"author":1,"featured_media":0,"parent":76,"menu_order":0,"comment_status":"closed","ping_status":"closed","template":"","meta":[],"_links":{"self":[{"href":"https:\/\/yerdenizkooperatifi.org\/index.php\/wp-json\/wp\/v2\/pages\/211"}],"collection":[{"href":"https:\/\/yerdenizkooperatifi.org\/index.php\/wp-json\/wp\/v2\/pages"}],"about":[{"href":"https:\/\/yerdenizkooperatifi.org\/index.php\/wp-json\/wp\/v2\/types\/page"}],"author":[{"embeddable":true,"href":"https:\/\/yerdenizkooperatifi.org\/index.php\/wp-json\/wp\/v2\/users\/1"}],"replies":[{"embeddable":true,"href":"https:\/\/yerdenizkooperatifi.org\/index.php\/wp-json\/wp\/v2\/comments?post=211"}],"version-history":[{"count":4,"href":"https:\/\/yerdenizkooperatifi.org\/index.php\/wp-json\/wp\/v2\/pages\/211\/revisions"}],"predecessor-version":[{"id":2669,"href":"https:\/\/yerdenizkooperatifi.org\/index.php\/wp-json\/wp\/v2\/pages\/211\/revisions\/2669"}],"up":[{"embeddable":true,"href":"https:\/\/yerdenizkooperatifi.org\/index.php\/wp-json\/wp\/v2\/pages\/76"}],"wp:attachment":[{"href":"https:\/\/yerdenizkooperatifi.org\/index.php\/wp-json\/wp\/v2\/media?parent=211"}],"curies":[{"name":"wp","href":"https:\/\/api.w.org\/{rel}","templated":true}]}}