{"id":213,"date":"2020-05-18T18:04:29","date_gmt":"2020-05-18T18:04:29","guid":{"rendered":"http:\/\/yerdenizkooperatifi.org\/?page_id=213"},"modified":"2026-02-17T14:32:13","modified_gmt":"2026-02-17T14:32:13","slug":"kadikoy-kent-konseyi","status":"publish","type":"page","link":"https:\/\/yerdenizkooperatifi.org\/index.php\/yasami-birlikte-orgutluyoruz\/kadikoy-kent-konseyi\/","title":{"rendered":"Kad\u0131k\u00f6y Kent Konseyi"},"content":{"rendered":"\n<section id=\"g99c885\" class=\"wp-block-gutentor-p4 section-g99c885 gutentor-post-module gutentor-advanced-post-module\" data-gpid=\"213\" data-l-ani=\"gp4-animation-1\" data-i-b=\"gutentor\/p1\" data-maxnumpages=\"1\">\n<div id=\"section-g1a57c8\" class=\"wp-block-gutentor-e16 section-g1a57c8 gutentor-element gutentor-post-header\"><div class=\"grid-container\"><div class=\"grid-row\">\n<div id=\"col-gm5f5fd0\" class=\"wp-block-gutentor-e15 gutentor-single-column  grid-lg-5 grid-md-5 grid-5\"><div id=\"section-gm5f5fd0\" class=\"section-gm5f5fd0 gutentor-col-wrap\"><\/div><\/div>\n\n\n\n<div id=\"col-gm78a4ae\" class=\"wp-block-gutentor-e15 gutentor-single-column  grid-lg-5 grid-md-5 grid-5\"><div id=\"section-gm78a4ae\" class=\"section-gm78a4ae gutentor-col-wrap\"><\/div><\/div>\n\n\n\n<div id=\"col-gmebb662\" class=\"wp-block-gutentor-e15 gutentor-single-column  grid-lg-2 grid-md-2 grid-2\"><div id=\"section-gmebb662\" class=\"section-gmebb662 gutentor-col-wrap\">\n<div id=\"section-g420202\" class=\"wp-block-gutentor-e13 section-g420202 gutentor-element gutentor-element-navigation text-align-right-desktop text-align-right-tablet text-align-left-mobile\"><div class=\"gutentor-navigation\" data-gpage=\"1\"><ul class=\"gutentor-next-prev\"><li><a class=\"gutentor-disabled g-nav-prev\"><i class=\"fas fa-chevron-left\"><\/i><\/a><\/li><li><a class=\"g-nav-next gutentor-disabled\"><i class=\"fas fa-chevron-right\"><\/i><\/a><\/li><\/ul><\/div><\/div>\n<\/div><\/div>\n<\/div><\/div><\/div>\n\n\n<section class=\"gutentor-post-module section-7f6262dc-92e9-4ab5-b06c-2af21478f890 gutentor-post-module-p1 gutentor_p1_template1 gutentor-blog-list\" id=\"7f6262dc-92e9-4ab5-b06c-2af21478f890\" data-gbid=\"7f6262dc-92e9-4ab5-b06c-2af21478f890\" >\n<div class='grid-container'><div class='grid-row' ><article class='gutentor-post'><div class=\"gutentor-post-item\"><div class=\"gutentor-post-image-box\"><div class=\"gutentor-image-thumb\"><img width=\"486\" height=\"365\" src=\"https:\/\/yerdenizkooperatifi.org\/wp-content\/uploads\/2022\/06\/IMG_20220529_144456-486x365.jpg\" class=\"attachment-medium size-medium wp-post-image\" alt=\"\" loading=\"lazy\" srcset=\"https:\/\/yerdenizkooperatifi.org\/wp-content\/uploads\/2022\/06\/IMG_20220529_144456-486x365.jpg 486w, https:\/\/yerdenizkooperatifi.org\/wp-content\/uploads\/2022\/06\/IMG_20220529_144456-840x631.jpg 840w, https:\/\/yerdenizkooperatifi.org\/wp-content\/uploads\/2022\/06\/IMG_20220529_144456-768x577.jpg 768w, https:\/\/yerdenizkooperatifi.org\/wp-content\/uploads\/2022\/06\/IMG_20220529_144456-1536x1153.jpg 1536w, https:\/\/yerdenizkooperatifi.org\/wp-content\/uploads\/2022\/06\/IMG_20220529_144456-2048x1538.jpg 2048w, https:\/\/yerdenizkooperatifi.org\/wp-content\/uploads\/2022\/06\/IMG_20220529_144456-600x450.jpg 600w\" sizes=\"(max-width: 486px) 100vw, 486px\" \/><\/div><\/div><div class=\"gutentor-post-content\"><div class=\"gutentor-post-title-data-wrap\"><h3 class=\"gutentor-post-title\"><a href=\"https:\/\/yerdenizkooperatifi.org\/index.php\/2022\/06\/16\/kadikoy-gidayi-konusuyor-forumu-duzenlendi\/\" rel=\"bookmark\">\u201cKad\u0131k\u00f6y G\u0131day\u0131 Konu\u015fuyor\u201d Forumu D\u00fczenlendi<\/a><\/h3><\/div><div class=\"gutentor-post-desc\">29 May\u0131s 2022 tarihinde Kad\u0131k\u00f6y Kent Konseyi \/ G\u0131da ve Tar\u0131m \u00c7al\u0131\u015fma Grubu \u201cKad\u0131k\u00f6y G\u0131day\u0131 Konu\u015fuyor&hellip;<\/div><a class=\"gutentor-button gutentor-post-button\"  href=\"https:\/\/yerdenizkooperatifi.org\/index.php\/2022\/06\/16\/kadikoy-gidayi-konusuyor-forumu-duzenlendi\/\" href=\"https:\/\/yerdenizkooperatifi.org\/index.php\/2022\/06\/16\/kadikoy-gidayi-konusuyor-forumu-duzenlendi\/\"><span>Devam\u0131&#8230;<\/span><\/a><\/div><\/div><\/article><article class='gutentor-post'><div class=\"gutentor-post-item\"><div class=\"gutentor-post-image-box\"><div class=\"gutentor-image-thumb\"><img width=\"649\" height=\"365\" src=\"https:\/\/yerdenizkooperatifi.org\/wp-content\/uploads\/2021\/03\/20200215_162015-649x365.jpg\" class=\"attachment-medium size-medium wp-post-image\" alt=\"\" loading=\"lazy\" srcset=\"https:\/\/yerdenizkooperatifi.org\/wp-content\/uploads\/2021\/03\/20200215_162015-649x365.jpg 649w, https:\/\/yerdenizkooperatifi.org\/wp-content\/uploads\/2021\/03\/20200215_162015-840x473.jpg 840w, https:\/\/yerdenizkooperatifi.org\/wp-content\/uploads\/2021\/03\/20200215_162015-500x280.jpg 500w, https:\/\/yerdenizkooperatifi.org\/wp-content\/uploads\/2021\/03\/20200215_162015-768x432.jpg 768w, https:\/\/yerdenizkooperatifi.org\/wp-content\/uploads\/2021\/03\/20200215_162015-1536x864.jpg 1536w, https:\/\/yerdenizkooperatifi.org\/wp-content\/uploads\/2021\/03\/20200215_162015-2048x1152.jpg 2048w, https:\/\/yerdenizkooperatifi.org\/wp-content\/uploads\/2021\/03\/20200215_162015-1360x765.jpg 1360w\" sizes=\"(max-width: 649px) 100vw, 649px\" \/><\/div><\/div><div class=\"gutentor-post-content\"><div class=\"gutentor-post-title-data-wrap\"><h3 class=\"gutentor-post-title\"><a href=\"https:\/\/yerdenizkooperatifi.org\/index.php\/2020\/02\/16\/kentte-beslenme-hakki-calistayi\/\" rel=\"bookmark\">Kentte Beslenme Hakk\u0131 \u00c7al\u0131\u015ftay\u0131<\/a><\/h3><\/div><div class=\"gutentor-post-desc\">FAO (Birle\u015fmi\u015f Milletler G\u0131da ve Tar\u0131m \u00d6rg\u00fct\u00fc) verilerine g\u00f6re \u00fclkemiz s\u0131n\u0131rlar\u0131 i\u00e7erisinde \u00fcretilen&hellip;<\/div><a class=\"gutentor-button gutentor-post-button\"  href=\"https:\/\/yerdenizkooperatifi.org\/index.php\/2020\/02\/16\/kentte-beslenme-hakki-calistayi\/\" href=\"https:\/\/yerdenizkooperatifi.org\/index.php\/2020\/02\/16\/kentte-beslenme-hakki-calistayi\/\"><span>Devam\u0131&#8230;<\/span><\/a><\/div><\/div><\/article><article class='gutentor-post'><div class=\"gutentor-post-item\"><div class=\"gutentor-post-image-box\"><div class=\"gutentor-image-thumb\"><img width=\"649\" height=\"365\" src=\"https:\/\/yerdenizkooperatifi.org\/wp-content\/uploads\/2021\/03\/kooperatifcilik-paneli-649x365.jpg\" class=\"attachment-medium size-medium wp-post-image\" alt=\"\" loading=\"lazy\" srcset=\"https:\/\/yerdenizkooperatifi.org\/wp-content\/uploads\/2021\/03\/kooperatifcilik-paneli-649x365.jpg 649w, https:\/\/yerdenizkooperatifi.org\/wp-content\/uploads\/2021\/03\/kooperatifcilik-paneli-840x473.jpg 840w, https:\/\/yerdenizkooperatifi.org\/wp-content\/uploads\/2021\/03\/kooperatifcilik-paneli-500x280.jpg 500w, https:\/\/yerdenizkooperatifi.org\/wp-content\/uploads\/2021\/03\/kooperatifcilik-paneli-768x432.jpg 768w, https:\/\/yerdenizkooperatifi.org\/wp-content\/uploads\/2021\/03\/kooperatifcilik-paneli.jpg 1015w\" sizes=\"(max-width: 649px) 100vw, 649px\" \/><\/div><\/div><div class=\"gutentor-post-content\"><div class=\"gutentor-post-title-data-wrap\"><h3 class=\"gutentor-post-title\"><a href=\"https:\/\/yerdenizkooperatifi.org\/index.php\/2019\/12\/21\/gidada-orgutlenme-kooperatifler-paneli\/\" rel=\"bookmark\">G\u0131dada \u00d6rg\u00fctlenme: Kooperatifler Paneli<\/a><\/h3><\/div><div class=\"gutentor-post-desc\">Kad\u0131k\u00f6y Kent Konseyi G\u0131da \u00c7al\u0131\u015fma Grubu, D\u00fcnya Kooperatif\u00e7ilik G\u00fcn\u00fc nedeniyle Kad\u0131k\u00f6y Belediyesi Bar&hellip;<\/div><a class=\"gutentor-button gutentor-post-button\"  href=\"https:\/\/yerdenizkooperatifi.org\/index.php\/2019\/12\/21\/gidada-orgutlenme-kooperatifler-paneli\/\" href=\"https:\/\/yerdenizkooperatifi.org\/index.php\/2019\/12\/21\/gidada-orgutlenme-kooperatifler-paneli\/\"><span>Devam\u0131&#8230;<\/span><\/a><\/div><\/div><\/article><article class='gutentor-post'><div class=\"gutentor-post-item\"><div class=\"gutentor-post-image-box\"><div class=\"gutentor-image-thumb\"><img width=\"487\" height=\"365\" src=\"https:\/\/yerdenizkooperatifi.org\/wp-content\/uploads\/2021\/03\/gs2-487x365.jpg\" class=\"attachment-medium size-medium wp-post-image\" alt=\"\" loading=\"lazy\" srcset=\"https:\/\/yerdenizkooperatifi.org\/wp-content\/uploads\/2021\/03\/gs2-487x365.jpg 487w, https:\/\/yerdenizkooperatifi.org\/wp-content\/uploads\/2021\/03\/gs2-840x630.jpg 840w, https:\/\/yerdenizkooperatifi.org\/wp-content\/uploads\/2021\/03\/gs2-768x576.jpg 768w, https:\/\/yerdenizkooperatifi.org\/wp-content\/uploads\/2021\/03\/gs2-600x450.jpg 600w, https:\/\/yerdenizkooperatifi.org\/wp-content\/uploads\/2021\/03\/gs2.jpg 960w\" sizes=\"(max-width: 487px) 100vw, 487px\" \/><\/div><\/div><div class=\"gutentor-post-content\"><div class=\"gutentor-post-title-data-wrap\"><h3 class=\"gutentor-post-title\"><a href=\"https:\/\/yerdenizkooperatifi.org\/index.php\/2019\/10\/20\/kadikoy-3-gida-senliginde-bulustuk\/\" rel=\"bookmark\">Kad\u0131k\u00f6y 3. G\u0131da \u015eenli\u011fi&#8217;nde Bulu\u015ftuk<\/a><\/h3><\/div><div class=\"gutentor-post-desc\">Kad\u0131k\u00f6y Kent Konseyi, Kad\u0131k\u00f6y Belediyesi i\u015fbirli\u011fiyle 19 Ekim Cumartesi g\u00fcn\u00fc Selami\u00e7e\u015fme \u00d6zg\u00fcrl\u00fck Pa&hellip;<\/div><a class=\"gutentor-button gutentor-post-button\"  href=\"https:\/\/yerdenizkooperatifi.org\/index.php\/2019\/10\/20\/kadikoy-3-gida-senliginde-bulustuk\/\" href=\"https:\/\/yerdenizkooperatifi.org\/index.php\/2019\/10\/20\/kadikoy-3-gida-senliginde-bulustuk\/\"><span>Devam\u0131&#8230;<\/span><\/a><\/div><\/div><\/article><\/div><\/div><\/section>\n\n\n<div id=\"section-g9d21dd\" class=\"wp-block-gutentor-e17 section-g9d21dd gutentor-element gutentor-post-footer\"><div class=\"grid-container\"><div class=\"grid-row\">\n<div id=\"col-gm031b2c\" class=\"wp-block-gutentor-e15 gutentor-single-column  grid-lg-12 grid-md-12 grid-12\"><div id=\"section-gm031b2c\" class=\"section-gm031b2c gutentor-col-wrap\">\n<div id=\"section-gdaca70\" class=\"wp-block-gutentor-e12 section-gdaca70 gutentor-element gutentor-element-pagination text-align-center-mobile\"><div class=\"gutentor-pagination-wrap\" data-maxnumpages=\"1\"><ul class=\"gutentor-pagination\"><li class=\"gutentor-pagination-item gutentor-pagination-prev\"><a class=\"gutentor-pagination-link gutentor-disabled\" href=\"#\"><i class=\"fas fa-chevron-left\"><\/i>Previous<\/a><\/li><li class=\"gutentor-pagination-item gutentor-pagination-active\" data-gpage=\"1\"><a class=\"gutentor-pagination-link\" href=\"#\">1<\/a><\/li><li class=\"gutentor-pagination-item gutentor-pagination-next\"><a class=\"gutentor-pagination-link gutentor-disabled\" href=\"#\" data-gpage=\"2\">Next<i class=\"fas fa-chevron-right\"><\/i><\/a><\/li><\/ul><\/div><\/div>\n<\/div><\/div>\n<\/div><\/div><\/div>\n<\/section>\n","protected":false},"excerpt":{"rendered":"","protected":false},"author":1,"featured_media":0,"parent":77,"menu_order":0,"comment_status":"closed","ping_status":"closed","template":"","meta":[],"_links":{"self":[{"href":"https:\/\/yerdenizkooperatifi.org\/index.php\/wp-json\/wp\/v2\/pages\/213"}],"collection":[{"href":"https:\/\/yerdenizkooperatifi.org\/index.php\/wp-json\/wp\/v2\/pages"}],"about":[{"href":"https:\/\/yerdenizkooperatifi.org\/index.php\/wp-json\/wp\/v2\/types\/page"}],"author":[{"embeddable":true,"href":"https:\/\/yerdenizkooperatifi.org\/index.php\/wp-json\/wp\/v2\/users\/1"}],"replies":[{"embeddable":true,"href":"https:\/\/yerdenizkooperatifi.org\/index.php\/wp-json\/wp\/v2\/comments?post=213"}],"version-history":[{"count":5,"href":"https:\/\/yerdenizkooperatifi.org\/index.php\/wp-json\/wp\/v2\/pages\/213\/revisions"}],"predecessor-version":[{"id":2673,"href":"https:\/\/yerdenizkooperatifi.org\/index.php\/wp-json\/wp\/v2\/pages\/213\/revisions\/2673"}],"up":[{"embeddable":true,"href":"https:\/\/yerdenizkooperatifi.org\/index.php\/wp-json\/wp\/v2\/pages\/77"}],"wp:attachment":[{"href":"https:\/\/yerdenizkooperatifi.org\/index.php\/wp-json\/wp\/v2\/media?parent=213"}],"curies":[{"name":"wp","href":"https:\/\/api.w.org\/{rel}","templated":true}]}}