{"id":215,"date":"2020-05-18T18:04:55","date_gmt":"2020-05-18T18:04:55","guid":{"rendered":"http:\/\/yerdenizkooperatifi.org\/?page_id=215"},"modified":"2026-02-17T14:31:41","modified_gmt":"2026-02-17T14:31:41","slug":"kir-kent-agi","status":"publish","type":"page","link":"https:\/\/yerdenizkooperatifi.org\/index.php\/yasami-birlikte-orgutluyoruz\/kir-kent-agi\/","title":{"rendered":"K\u0131r-Kent A\u011f\u0131"},"content":{"rendered":"<section class=\"gutentor-post-module section-afbfdd25-ca17-4f0d-a5b3-6bb9e49fc4a3 gutentor-post-module-p1 gutentor_p1_template1 gutentor-blog-list\" id=\"afbfdd25-ca17-4f0d-a5b3-6bb9e49fc4a3\" data-gbid=\"afbfdd25-ca17-4f0d-a5b3-6bb9e49fc4a3\" >\n<div class='grid-container'><div class='grid-row' ><article class='gutentor-post'><div class=\"gutentor-post-item\"><div class=\"gutentor-post-image-box\"><div class=\"gutentor-image-thumb\"><img width=\"640\" height=\"290\" src=\"https:\/\/yerdenizkooperatifi.org\/wp-content\/uploads\/2021\/03\/mihallicik.jpg\" class=\"attachment-full size-full wp-post-image\" alt=\"\" loading=\"lazy\" \/><\/div><\/div><div class=\"gutentor-post-content\"><div class=\"gutentor-post-title-data-wrap\"><h3 class=\"gutentor-post-title\"><a href=\"https:\/\/yerdenizkooperatifi.org\/index.php\/2020\/09\/20\/kir-kent-agi-bilesenleri-mihaliccikta-bulustular\/\" rel=\"bookmark\">K\u0131r Kent A\u011f\u0131 Bile\u015fenleri Mihal\u0131\u00e7\u00e7\u0131k\u2019ta Bulu\u015ftular<\/a><\/h3><\/div><div class=\"gutentor-entry-meta gutentor-entry-meta-primary\"><div class=\"author vcard\"><i class=\"far fa-user\"><\/i><a href=\"https:\/\/yerdenizkooperatifi.org\/index.php\/2020\/09\/20\/kir-kent-agi-bilesenleri-mihaliccikta-bulustular\/\" rel=\"bookmark\">admin<\/a><\/div><div class=\"posted-on\"><i class=\"far fa-calendar-alt\"><\/i><a href=\"https:\/\/yerdenizkooperatifi.org\/index.php\/2020\/09\/20\/kir-kent-agi-bilesenleri-mihaliccikta-bulustular\/\" rel=\"bookmark\">Eyl\u00fcl 20, 2020<\/a><\/div><div class=\"gutentor-meta-categories\"><i class=\"fas fa-tags\"><\/i><a href=\"https:\/\/yerdenizkooperatifi.org\/index.php\/category\/yasami-birlikte-orgutluyoruz\/kir-kent-agi\/\" rel=\"category tag\">K\u0131r Kent A\u011f\u0131<\/a><\/div><\/div><div class=\"gutentor-post-desc\">K\u0131r Kent A\u011f\u0131&nbsp;bile\u015fenleri 19 Eyl\u00fcl 2020\u2019de, kentte birlikte \u00f6\u011frenme etkinli\u011fini ger\u00e7ekle\u015ftirmek &hellip;<\/div><a class=\"gutentor-button gutentor-post-button\"  href=\"https:\/\/yerdenizkooperatifi.org\/index.php\/2020\/09\/20\/kir-kent-agi-bilesenleri-mihaliccikta-bulustular\/\" href=\"https:\/\/yerdenizkooperatifi.org\/index.php\/2020\/09\/20\/kir-kent-agi-bilesenleri-mihaliccikta-bulustular\/\"><span>Read More<\/span><\/a><\/div><\/div><\/article><article class='gutentor-post'><div class=\"gutentor-post-item\"><div class=\"gutentor-post-image-box\"><div class=\"gutentor-image-thumb\"><img width=\"2560\" height=\"1440\" src=\"https:\/\/yerdenizkooperatifi.org\/wp-content\/uploads\/2021\/01\/20200915_110915-scaled.jpg\" class=\"attachment-full size-full wp-post-image\" alt=\"\" loading=\"lazy\" srcset=\"https:\/\/yerdenizkooperatifi.org\/wp-content\/uploads\/2021\/01\/20200915_110915-scaled.jpg 2560w, https:\/\/yerdenizkooperatifi.org\/wp-content\/uploads\/2021\/01\/20200915_110915-649x365.jpg 649w, https:\/\/yerdenizkooperatifi.org\/wp-content\/uploads\/2021\/01\/20200915_110915-840x473.jpg 840w, https:\/\/yerdenizkooperatifi.org\/wp-content\/uploads\/2021\/01\/20200915_110915-500x280.jpg 500w, https:\/\/yerdenizkooperatifi.org\/wp-content\/uploads\/2021\/01\/20200915_110915-768x432.jpg 768w, https:\/\/yerdenizkooperatifi.org\/wp-content\/uploads\/2021\/01\/20200915_110915-1536x864.jpg 1536w, https:\/\/yerdenizkooperatifi.org\/wp-content\/uploads\/2021\/01\/20200915_110915-2048x1152.jpg 2048w, https:\/\/yerdenizkooperatifi.org\/wp-content\/uploads\/2021\/01\/20200915_110915-1360x765.jpg 1360w\" sizes=\"(max-width: 2560px) 100vw, 2560px\" \/><\/div><\/div><div class=\"gutentor-post-content\"><div class=\"gutentor-post-title-data-wrap\"><h3 class=\"gutentor-post-title\"><a href=\"https:\/\/yerdenizkooperatifi.org\/index.php\/2020\/09\/15\/sahinyurdu-koyu-tarimsal-kalkinma-kooperatifi-ziyaretimiz\/\" rel=\"bookmark\">\u015eahinyurdu K\u00f6y\u00fc Tar\u0131msal Kalk\u0131nma Kooperatifi Ziyaretimiz<\/a><\/h3><\/div><div class=\"gutentor-entry-meta gutentor-entry-meta-primary\"><div class=\"author vcard\"><i class=\"far fa-user\"><\/i><a href=\"https:\/\/yerdenizkooperatifi.org\/index.php\/2020\/09\/15\/sahinyurdu-koyu-tarimsal-kalkinma-kooperatifi-ziyaretimiz\/\" rel=\"bookmark\">admin<\/a><\/div><div class=\"posted-on\"><i class=\"far fa-calendar-alt\"><\/i><a href=\"https:\/\/yerdenizkooperatifi.org\/index.php\/2020\/09\/15\/sahinyurdu-koyu-tarimsal-kalkinma-kooperatifi-ziyaretimiz\/\" rel=\"bookmark\">Eyl\u00fcl 15, 2020<\/a><\/div><div class=\"gutentor-meta-categories\"><i class=\"fas fa-tags\"><\/i><a href=\"https:\/\/yerdenizkooperatifi.org\/index.php\/category\/yasami-birlikte-orgutluyoruz\/kir-kent-agi\/\" rel=\"category tag\">K\u0131r Kent A\u011f\u0131<\/a>, <a href=\"https:\/\/yerdenizkooperatifi.org\/index.php\/category\/gida\/uretici-ziyaretleri\/\" rel=\"category tag\">\u00dcretici Ziyaretleri<\/a><\/div><\/div><div class=\"gutentor-post-desc\">K\u0131r Kent A\u011f\u0131 bile\u015fenlerinden YerDeniz Kooperatifi, G\u00f6ztepe Koopearatifi ve De\u011fi\u015fim Kooperatifi olara&hellip;<\/div><a class=\"gutentor-button gutentor-post-button\"  href=\"https:\/\/yerdenizkooperatifi.org\/index.php\/2020\/09\/15\/sahinyurdu-koyu-tarimsal-kalkinma-kooperatifi-ziyaretimiz\/\" href=\"https:\/\/yerdenizkooperatifi.org\/index.php\/2020\/09\/15\/sahinyurdu-koyu-tarimsal-kalkinma-kooperatifi-ziyaretimiz\/\"><span>Read More<\/span><\/a><\/div><\/div><\/article><article class='gutentor-post'><div class=\"gutentor-post-item\"><div class=\"gutentor-post-image-box\"><div class=\"gutentor-image-thumb\"><img width=\"954\" height=\"549\" src=\"https:\/\/yerdenizkooperatifi.org\/wp-content\/uploads\/2021\/01\/kir-kent-agi.jpg\" class=\"attachment-full size-full wp-post-image\" alt=\"\" loading=\"lazy\" srcset=\"https:\/\/yerdenizkooperatifi.org\/wp-content\/uploads\/2021\/01\/kir-kent-agi.jpg 954w, https:\/\/yerdenizkooperatifi.org\/wp-content\/uploads\/2021\/01\/kir-kent-agi-634x365.jpg 634w, https:\/\/yerdenizkooperatifi.org\/wp-content\/uploads\/2021\/01\/kir-kent-agi-840x483.jpg 840w, https:\/\/yerdenizkooperatifi.org\/wp-content\/uploads\/2021\/01\/kir-kent-agi-768x442.jpg 768w\" sizes=\"(max-width: 954px) 100vw, 954px\" \/><\/div><\/div><div class=\"gutentor-post-content\"><div class=\"gutentor-post-title-data-wrap\"><h3 class=\"gutentor-post-title\"><a href=\"https:\/\/yerdenizkooperatifi.org\/index.php\/2020\/07\/25\/kir-kent-agi-nedir-nasil-calisir\/\" rel=\"bookmark\">K\u0131r Kent A\u011f\u0131 Nedir? Nas\u0131l \u00c7al\u0131\u015f\u0131r?<\/a><\/h3><\/div><div class=\"gutentor-entry-meta gutentor-entry-meta-primary\"><div class=\"author vcard\"><i class=\"far fa-user\"><\/i><a href=\"https:\/\/yerdenizkooperatifi.org\/index.php\/2020\/07\/25\/kir-kent-agi-nedir-nasil-calisir\/\" rel=\"bookmark\">admin<\/a><\/div><div class=\"posted-on\"><i class=\"far fa-calendar-alt\"><\/i><a href=\"https:\/\/yerdenizkooperatifi.org\/index.php\/2020\/07\/25\/kir-kent-agi-nedir-nasil-calisir\/\" rel=\"bookmark\">Temmuz 25, 2020<\/a><\/div><div class=\"gutentor-meta-categories\"><i class=\"fas fa-tags\"><\/i><a href=\"https:\/\/yerdenizkooperatifi.org\/index.php\/category\/yasami-birlikte-orgutluyoruz\/kir-kent-agi\/\" rel=\"category tag\">K\u0131r Kent A\u011f\u0131<\/a><\/div><\/div><div class=\"gutentor-post-desc\">Bir \u00e7a\u011fr\u0131m\u0131z var! Bir araya gelmeye ve yapabileceklerimizi konu\u015fmaya ve yapmaya dair\u2026\n\n\n\nUmutluyuz: &hellip;<\/div><a class=\"gutentor-button gutentor-post-button\"  href=\"https:\/\/yerdenizkooperatifi.org\/index.php\/2020\/07\/25\/kir-kent-agi-nedir-nasil-calisir\/\" href=\"https:\/\/yerdenizkooperatifi.org\/index.php\/2020\/07\/25\/kir-kent-agi-nedir-nasil-calisir\/\"><span>Read More<\/span><\/a><\/div><\/div><\/article><\/div><\/div><\/section>","protected":false},"excerpt":{"rendered":"","protected":false},"author":1,"featured_media":0,"parent":77,"menu_order":0,"comment_status":"closed","ping_status":"closed","template":"","meta":[],"_links":{"self":[{"href":"https:\/\/yerdenizkooperatifi.org\/index.php\/wp-json\/wp\/v2\/pages\/215"}],"collection":[{"href":"https:\/\/yerdenizkooperatifi.org\/index.php\/wp-json\/wp\/v2\/pages"}],"about":[{"href":"https:\/\/yerdenizkooperatifi.org\/index.php\/wp-json\/wp\/v2\/types\/page"}],"author":[{"embeddable":true,"href":"https:\/\/yerdenizkooperatifi.org\/index.php\/wp-json\/wp\/v2\/users\/1"}],"replies":[{"embeddable":true,"href":"https:\/\/yerdenizkooperatifi.org\/index.php\/wp-json\/wp\/v2\/comments?post=215"}],"version-history":[{"count":3,"href":"https:\/\/yerdenizkooperatifi.org\/index.php\/wp-json\/wp\/v2\/pages\/215\/revisions"}],"predecessor-version":[{"id":2672,"href":"https:\/\/yerdenizkooperatifi.org\/index.php\/wp-json\/wp\/v2\/pages\/215\/revisions\/2672"}],"up":[{"embeddable":true,"href":"https:\/\/yerdenizkooperatifi.org\/index.php\/wp-json\/wp\/v2\/pages\/77"}],"wp:attachment":[{"href":"https:\/\/yerdenizkooperatifi.org\/index.php\/wp-json\/wp\/v2\/media?parent=215"}],"curies":[{"name":"wp","href":"https:\/\/api.w.org\/{rel}","templated":true}]}}