{"id":2591,"date":"2026-01-30T16:35:30","date_gmt":"2026-01-30T16:35:30","guid":{"rendered":"https:\/\/yerdenizkooperatifi.org\/?page_id=2591"},"modified":"2026-02-17T14:35:55","modified_gmt":"2026-02-17T14:35:55","slug":"kultur-ve-sanat","status":"publish","type":"page","link":"https:\/\/yerdenizkooperatifi.org\/index.php\/kultur-ve-sanat\/","title":{"rendered":"K\u00fclt\u00fcr ve Sanat"},"content":{"rendered":"<section class=\"gutentor-section gutentor-blog-post-wrapper blog-template1\" id=\"section-b5caa4d9-9e00-48d7-a3d7-a21f01a7f42b\" >\n<div class='grid-container'><div class=\"gutentor-block-header\"><\/div><div class='gutentor-grid-item-wrap '  ><div class='grid-row ' ><article class='gutentor-post-has-thumb blog-list'><div class=\"gutentor-single-item\"><div class=\"gutentor-single-item-image-box\"><div class=\"gutentor-image-thumb\"><img width=\"2000\" height=\"1500\" src=\"https:\/\/yerdenizkooperatifi.org\/wp-content\/uploads\/2026\/03\/kampus-bostanlari4.jpeg\" class=\"attachment- size- wp-post-image\" alt=\"\" loading=\"lazy\" srcset=\"https:\/\/yerdenizkooperatifi.org\/wp-content\/uploads\/2026\/03\/kampus-bostanlari4.jpeg 2000w, https:\/\/yerdenizkooperatifi.org\/wp-content\/uploads\/2026\/03\/kampus-bostanlari4-487x365.jpeg 487w, https:\/\/yerdenizkooperatifi.org\/wp-content\/uploads\/2026\/03\/kampus-bostanlari4-840x630.jpeg 840w, https:\/\/yerdenizkooperatifi.org\/wp-content\/uploads\/2026\/03\/kampus-bostanlari4-768x576.jpeg 768w, https:\/\/yerdenizkooperatifi.org\/wp-content\/uploads\/2026\/03\/kampus-bostanlari4-1536x1152.jpeg 1536w, https:\/\/yerdenizkooperatifi.org\/wp-content\/uploads\/2026\/03\/kampus-bostanlari4-600x450.jpeg 600w\" sizes=\"(max-width: 2000px) 100vw, 2000px\" \/><\/div><\/div><div class=\"gutentor-post-content\"><h3 class=\"gutentor-single-item-title\"><a href=\"https:\/\/yerdenizkooperatifi.org\/index.php\/2026\/02\/28\/kampus-bostanlari-ve-kitap-tanitimi\/\" rel=\"bookmark\">Kamp\u00fcs Bostanlar\u0131 ve Kitap Tan\u0131t\u0131m\u0131<\/a><\/h3><div class=\"entry-meta\"><\/div><div class=\"gutentor-post-excerpt gutentor-single-item-desc\"><p class='gutentor-single-item-desc'>\u0130stanbul&#8217;da bulunan Devrim Bostan\u0131, Ayaza\u011fa Bostan\u0131, Bilgi Bostan\u0131 ve Bo\u011fazi\u00e7i Tarlataban&#8217;\u0131n bir ara&hellip;<\/p><\/div><a class=\"gutentor-button gutentor-single-item-button gutentor-icon-hide\"  href=\"https:\/\/yerdenizkooperatifi.org\/index.php\/2026\/02\/28\/kampus-bostanlari-ve-kitap-tanitimi\/\" href=\"https:\/\/yerdenizkooperatifi.org\/index.php\/2026\/02\/28\/kampus-bostanlari-ve-kitap-tanitimi\/\"><i class=\"gutentor-button-icon fas fa-book\" ><\/i><span>Devam\u0131&#8230;<\/span><\/a><\/div><\/div><\/article><article class='gutentor-post-has-thumb blog-list'><div class=\"gutentor-single-item\"><div class=\"gutentor-single-item-image-box\"><div class=\"gutentor-image-thumb\"><img width=\"1200\" height=\"750\" src=\"https:\/\/yerdenizkooperatifi.org\/wp-content\/uploads\/2026\/02\/filistin-direnis-ekonomisi-yayimlandi-toprakla-kurulan-direnisin-hikayesi.jpg\" class=\"attachment- size- wp-post-image\" alt=\"\" loading=\"lazy\" srcset=\"https:\/\/yerdenizkooperatifi.org\/wp-content\/uploads\/2026\/02\/filistin-direnis-ekonomisi-yayimlandi-toprakla-kurulan-direnisin-hikayesi.jpg 1200w, https:\/\/yerdenizkooperatifi.org\/wp-content\/uploads\/2026\/02\/filistin-direnis-ekonomisi-yayimlandi-toprakla-kurulan-direnisin-hikayesi-584x365.jpg 584w, https:\/\/yerdenizkooperatifi.org\/wp-content\/uploads\/2026\/02\/filistin-direnis-ekonomisi-yayimlandi-toprakla-kurulan-direnisin-hikayesi-840x525.jpg 840w, https:\/\/yerdenizkooperatifi.org\/wp-content\/uploads\/2026\/02\/filistin-direnis-ekonomisi-yayimlandi-toprakla-kurulan-direnisin-hikayesi-768x480.jpg 768w\" sizes=\"(max-width: 1200px) 100vw, 1200px\" \/><\/div><\/div><div class=\"gutentor-post-content\"><h3 class=\"gutentor-single-item-title\"><a href=\"https:\/\/yerdenizkooperatifi.org\/index.php\/2026\/02\/09\/filistin-direnis-ekonomisi-yayimlandi-toprakla-kurulan-direnisin-hikayesi\/\" rel=\"bookmark\">Filistin Direni\u015f Ekonomisi Yay\u0131mland\u0131: Toprakla Kurulan Direni\u015fin Hik\u00e2yesi<\/a><\/h3><div class=\"entry-meta\"><\/div><div class=\"gutentor-post-excerpt gutentor-single-item-desc\"><p class='gutentor-single-item-desc'>YerDeniz Kooperatifi Yay\u0131nlar\u0131 Filistin\u2019de g\u00fcndelik hayat\u0131n \u00f6rg\u00fctlenmesi konusunu Filistin Direni\u015f E&hellip;<\/p><\/div><a class=\"gutentor-button gutentor-single-item-button gutentor-icon-hide\"  href=\"https:\/\/yerdenizkooperatifi.org\/index.php\/2026\/02\/09\/filistin-direnis-ekonomisi-yayimlandi-toprakla-kurulan-direnisin-hikayesi\/\" href=\"https:\/\/yerdenizkooperatifi.org\/index.php\/2026\/02\/09\/filistin-direnis-ekonomisi-yayimlandi-toprakla-kurulan-direnisin-hikayesi\/\"><i class=\"gutentor-button-icon fas fa-book\" ><\/i><span>Devam\u0131&#8230;<\/span><\/a><\/div><\/div><\/article><article class='gutentor-post-has-thumb blog-list'><div class=\"gutentor-single-item\"><div class=\"gutentor-single-item-image-box\"><div class=\"gutentor-image-thumb\"><img width=\"2000\" height=\"1500\" src=\"https:\/\/yerdenizkooperatifi.org\/wp-content\/uploads\/2026\/02\/filistin-kitap-etkinligi4-1.jpeg\" class=\"attachment- size- wp-post-image\" alt=\"\" loading=\"lazy\" srcset=\"https:\/\/yerdenizkooperatifi.org\/wp-content\/uploads\/2026\/02\/filistin-kitap-etkinligi4-1.jpeg 2000w, https:\/\/yerdenizkooperatifi.org\/wp-content\/uploads\/2026\/02\/filistin-kitap-etkinligi4-1-487x365.jpeg 487w, https:\/\/yerdenizkooperatifi.org\/wp-content\/uploads\/2026\/02\/filistin-kitap-etkinligi4-1-840x630.jpeg 840w, https:\/\/yerdenizkooperatifi.org\/wp-content\/uploads\/2026\/02\/filistin-kitap-etkinligi4-1-768x576.jpeg 768w, https:\/\/yerdenizkooperatifi.org\/wp-content\/uploads\/2026\/02\/filistin-kitap-etkinligi4-1-1536x1152.jpeg 1536w, https:\/\/yerdenizkooperatifi.org\/wp-content\/uploads\/2026\/02\/filistin-kitap-etkinligi4-1-600x450.jpeg 600w\" sizes=\"(max-width: 2000px) 100vw, 2000px\" \/><\/div><\/div><div class=\"gutentor-post-content\"><h3 class=\"gutentor-single-item-title\"><a href=\"https:\/\/yerdenizkooperatifi.org\/index.php\/2026\/02\/02\/filistin-direnis-ekonomisi-kitabi-tanitim-etkinligi-duzenlendi\/\" rel=\"bookmark\">Filistin Direni\u015f Ekonomisi Kitab\u0131 Tan\u0131t\u0131m Etkinli\u011fi D\u00fczenlendi<\/a><\/h3><div class=\"entry-meta\"><\/div><div class=\"gutentor-post-excerpt gutentor-single-item-desc\"><p class='gutentor-single-item-desc'>YerDeniz Kooperatifi yay\u0131nlar\u0131n\u0131n ikinci kitab\u0131 Filistin Direni\u015f Ekonomisi kitab\u0131 yay\u0131mland\u0131. Kitap &hellip;<\/p><\/div><a class=\"gutentor-button gutentor-single-item-button gutentor-icon-hide\"  href=\"https:\/\/yerdenizkooperatifi.org\/index.php\/2026\/02\/02\/filistin-direnis-ekonomisi-kitabi-tanitim-etkinligi-duzenlendi\/\" href=\"https:\/\/yerdenizkooperatifi.org\/index.php\/2026\/02\/02\/filistin-direnis-ekonomisi-kitabi-tanitim-etkinligi-duzenlendi\/\"><i class=\"gutentor-button-icon fas fa-book\" ><\/i><span>Devam\u0131&#8230;<\/span><\/a><\/div><\/div><\/article><article class='gutentor-post-has-thumb blog-list'><div class=\"gutentor-single-item\"><div class=\"gutentor-single-item-image-box\"><div class=\"gutentor-image-thumb\"><img width=\"1024\" height=\"576\" src=\"https:\/\/yerdenizkooperatifi.org\/wp-content\/uploads\/2026\/01\/260130_filistin-direnis-ekonomisi-1024x576-1.png\" class=\"attachment- size- wp-post-image\" alt=\"\" loading=\"lazy\" srcset=\"https:\/\/yerdenizkooperatifi.org\/wp-content\/uploads\/2026\/01\/260130_filistin-direnis-ekonomisi-1024x576-1.png 1024w, https:\/\/yerdenizkooperatifi.org\/wp-content\/uploads\/2026\/01\/260130_filistin-direnis-ekonomisi-1024x576-1-649x365.png 649w, https:\/\/yerdenizkooperatifi.org\/wp-content\/uploads\/2026\/01\/260130_filistin-direnis-ekonomisi-1024x576-1-840x473.png 840w, https:\/\/yerdenizkooperatifi.org\/wp-content\/uploads\/2026\/01\/260130_filistin-direnis-ekonomisi-1024x576-1-500x280.png 500w, https:\/\/yerdenizkooperatifi.org\/wp-content\/uploads\/2026\/01\/260130_filistin-direnis-ekonomisi-1024x576-1-768x432.png 768w\" sizes=\"(max-width: 1024px) 100vw, 1024px\" \/><\/div><\/div><div class=\"gutentor-post-content\"><h3 class=\"gutentor-single-item-title\"><a href=\"https:\/\/yerdenizkooperatifi.org\/index.php\/2026\/01\/30\/yerdeniz-kooperatifinde-kitap-tanitimi-filistin-direnis-ekonomisi\/\" rel=\"bookmark\">YerDeniz Kooperatifi\u2019nde Kitap Tan\u0131t\u0131m\u0131: \u201cFilistin Direni\u015f Ekonomisi\u201d<\/a><\/h3><div class=\"entry-meta\"><\/div><div class=\"gutentor-post-excerpt gutentor-single-item-desc\"><p class='gutentor-single-item-desc'>YerDeniz Kooperatifi Yay\u0131nlar\u0131\u2019n\u0131n derledi\u011fi Filistin Direni\u015f Ekonomisi &#8211; I. \u0130ntifada\u2019n\u0131n Zafer Bah\u00e7&hellip;<\/p><\/div><a class=\"gutentor-button gutentor-single-item-button gutentor-icon-hide\"  href=\"https:\/\/yerdenizkooperatifi.org\/index.php\/2026\/01\/30\/yerdeniz-kooperatifinde-kitap-tanitimi-filistin-direnis-ekonomisi\/\" href=\"https:\/\/yerdenizkooperatifi.org\/index.php\/2026\/01\/30\/yerdeniz-kooperatifinde-kitap-tanitimi-filistin-direnis-ekonomisi\/\"><i class=\"gutentor-button-icon fas fa-book\" ><\/i><span>Devam\u0131&#8230;<\/span><\/a><\/div><\/div><\/article><article class='gutentor-post-has-thumb blog-list'><div class=\"gutentor-single-item\"><div class=\"gutentor-single-item-image-box\"><div class=\"gutentor-image-thumb\"><img width=\"1080\" height=\"765\" src=\"https:\/\/yerdenizkooperatifi.org\/wp-content\/uploads\/2026\/01\/202502121045431-img.png\" class=\"attachment- size- wp-post-image\" alt=\"\" loading=\"lazy\" srcset=\"https:\/\/yerdenizkooperatifi.org\/wp-content\/uploads\/2026\/01\/202502121045431-img.png 1080w, https:\/\/yerdenizkooperatifi.org\/wp-content\/uploads\/2026\/01\/202502121045431-img-515x365.png 515w, https:\/\/yerdenizkooperatifi.org\/wp-content\/uploads\/2026\/01\/202502121045431-img-840x595.png 840w, https:\/\/yerdenizkooperatifi.org\/wp-content\/uploads\/2026\/01\/202502121045431-img-768x544.png 768w\" sizes=\"(max-width: 1080px) 100vw, 1080px\" \/><\/div><\/div><div class=\"gutentor-post-content\"><h3 class=\"gutentor-single-item-title\"><a href=\"https:\/\/yerdenizkooperatifi.org\/index.php\/2025\/02\/12\/yerdenizden-ilk-kitap\/\" rel=\"bookmark\">YerDeniz&#8217;den \u0130lk Kitap<\/a><\/h3><div class=\"entry-meta\"><\/div><div class=\"gutentor-post-excerpt gutentor-single-item-desc\"><p class='gutentor-single-item-desc'>Kad\u0131k\u00f6yl\u00fc kooperatif YerDeniz\u2019in ilk kitab\u0131 okurla bulu\u015fuyor\n\n\n\nBir s\u00fcredir yay\u0131nc\u0131l\u0131k faaliyeti ile&hellip;<\/p><\/div><a class=\"gutentor-button gutentor-single-item-button gutentor-icon-hide\"  href=\"https:\/\/yerdenizkooperatifi.org\/index.php\/2025\/02\/12\/yerdenizden-ilk-kitap\/\" href=\"https:\/\/yerdenizkooperatifi.org\/index.php\/2025\/02\/12\/yerdenizden-ilk-kitap\/\"><i class=\"gutentor-button-icon fas fa-book\" ><\/i><span>Devam\u0131&#8230;<\/span><\/a><\/div><\/div><\/article><article class='gutentor-post-has-thumb blog-list'><div class=\"gutentor-single-item\"><div class=\"gutentor-single-item-image-box\"><div class=\"gutentor-image-thumb\"><img width=\"840\" height=\"840\" src=\"https:\/\/yerdenizkooperatifi.org\/wp-content\/uploads\/2026\/01\/202502121045591-img.jpeg\" class=\"attachment- size- wp-post-image\" alt=\"\" loading=\"lazy\" srcset=\"https:\/\/yerdenizkooperatifi.org\/wp-content\/uploads\/2026\/01\/202502121045591-img.jpeg 840w, https:\/\/yerdenizkooperatifi.org\/wp-content\/uploads\/2026\/01\/202502121045591-img-365x365.jpeg 365w, https:\/\/yerdenizkooperatifi.org\/wp-content\/uploads\/2026\/01\/202502121045591-img-768x768.jpeg 768w\" sizes=\"(max-width: 840px) 100vw, 840px\" \/><\/div><\/div><div class=\"gutentor-post-content\"><h3 class=\"gutentor-single-item-title\"><a href=\"https:\/\/yerdenizkooperatifi.org\/index.php\/2025\/01\/09\/yerdeniz-kooperatifi-yayinlarinin-ilk-kitabi-cikti\/\" rel=\"bookmark\">YerDeniz Kooperatifi Yay\u0131nlar\u0131n\u0131n \u0130lk Kitab\u0131 \u00c7\u0131kt\u0131<\/a><\/h3><div class=\"entry-meta\"><\/div><div class=\"gutentor-post-excerpt gutentor-single-item-desc\"><p class='gutentor-single-item-desc'>YerDeniz Kooperatifi  olarak bir s\u00fcredir yay\u0131nc\u0131l\u0131k faaliyeti ile ilgili resmi i\u015fleri tamamlamaya \u00e7a&hellip;<\/p><\/div><a class=\"gutentor-button gutentor-single-item-button gutentor-icon-hide\"  href=\"https:\/\/yerdenizkooperatifi.org\/index.php\/2025\/01\/09\/yerdeniz-kooperatifi-yayinlarinin-ilk-kitabi-cikti\/\" href=\"https:\/\/yerdenizkooperatifi.org\/index.php\/2025\/01\/09\/yerdeniz-kooperatifi-yayinlarinin-ilk-kitabi-cikti\/\"><i class=\"gutentor-button-icon fas fa-book\" ><\/i><span>Devam\u0131&#8230;<\/span><\/a><\/div><\/div><\/article><\/div><\/div><\/div><\/section>","protected":false},"excerpt":{"rendered":"","protected":false},"author":1,"featured_media":0,"parent":0,"menu_order":0,"comment_status":"closed","ping_status":"closed","template":"","meta":[],"_links":{"self":[{"href":"https:\/\/yerdenizkooperatifi.org\/index.php\/wp-json\/wp\/v2\/pages\/2591"}],"collection":[{"href":"https:\/\/yerdenizkooperatifi.org\/index.php\/wp-json\/wp\/v2\/pages"}],"about":[{"href":"https:\/\/yerdenizkooperatifi.org\/index.php\/wp-json\/wp\/v2\/types\/page"}],"author":[{"embeddable":true,"href":"https:\/\/yerdenizkooperatifi.org\/index.php\/wp-json\/wp\/v2\/users\/1"}],"replies":[{"embeddable":true,"href":"https:\/\/yerdenizkooperatifi.org\/index.php\/wp-json\/wp\/v2\/comments?post=2591"}],"version-history":[{"count":6,"href":"https:\/\/yerdenizkooperatifi.org\/index.php\/wp-json\/wp\/v2\/pages\/2591\/revisions"}],"predecessor-version":[{"id":2675,"href":"https:\/\/yerdenizkooperatifi.org\/index.php\/wp-json\/wp\/v2\/pages\/2591\/revisions\/2675"}],"wp:attachment":[{"href":"https:\/\/yerdenizkooperatifi.org\/index.php\/wp-json\/wp\/v2\/media?parent=2591"}],"curies":[{"name":"wp","href":"https:\/\/api.w.org\/{rel}","templated":true}]}}