{"id":77,"date":"2020-05-03T09:19:13","date_gmt":"2020-05-03T09:19:13","guid":{"rendered":"http:\/\/yerdenizkooperatifi.org\/?page_id=77"},"modified":"2021-02-07T17:43:10","modified_gmt":"2021-02-07T17:43:10","slug":"yasami-birlikte-orgutluyoruz","status":"publish","type":"page","link":"https:\/\/yerdenizkooperatifi.org\/index.php\/yasami-birlikte-orgutluyoruz\/","title":{"rendered":"Ya\u015fam\u0131 Birlikte \u00d6rg\u00fctl\u00fcyoruz!"},"content":{"rendered":"\n<section id=\"gm1684680\" class=\"wp-block-gutentor-m4 section-gm1684680 gutentor-module gutentor-advanced-columns\"><div class=\"grid-container\"><div class=\"grid-row\">\n<div id=\"col-gm17c566\" class=\"wp-block-gutentor-m4-col col-gm17c566 gutentor-single-column  grid-lg-6 grid-md-12 grid-12\"><div id=\"section-gm17c566\" class=\"section-gm17c566 gutentor-col-wrap\">\n<p class=\"has-text-align-center\"><strong><a href=\"http:\/\/yerdenizkooperatifi.org\/index.php\/yasami-birlikte-orgutluyoruz\/kir-kent-agi\/\" data-type=\"URL\" data-id=\"http:\/\/yerdenizkooperatifi.org\/index.php\/yasami-birlikte-orgutluyoruz\/kir-kent-agi\/\">K\u0131r Kent A\u011f\u0131<\/a><\/strong><\/p>\n\n\n<section class=\"gutentor-post-module section-7f0c54ce-39e1-40f3-bf24-8f839d70e2c3 gutentor-post-module-p1 gutentor_p1_template1 gutentor-blog-list\" id=\"7f0c54ce-39e1-40f3-bf24-8f839d70e2c3\" data-gbid=\"7f0c54ce-39e1-40f3-bf24-8f839d70e2c3\" >\n<div class='grid-container'><div class='grid-row' ><article class='gutentor-post'><div class=\"gutentor-post-item\"><div class=\"gutentor-post-image-box\"><div class=\"gutentor-image-thumb\"><img width=\"640\" height=\"290\" src=\"https:\/\/yerdenizkooperatifi.org\/wp-content\/uploads\/2021\/03\/mihallicik.jpg\" class=\"attachment-full size-full wp-post-image\" alt=\"\" loading=\"lazy\" \/><\/div><\/div><div class=\"gutentor-post-content\"><div class=\"gutentor-post-title-data-wrap\"><h3 class=\"gutentor-post-title\"><a href=\"https:\/\/yerdenizkooperatifi.org\/index.php\/2020\/09\/20\/kir-kent-agi-bilesenleri-mihaliccikta-bulustular\/\" rel=\"bookmark\">K\u0131r Kent A\u011f\u0131 Bile\u015fenleri Mihal\u0131\u00e7\u00e7\u0131k\u2019ta Bulu\u015ftular<\/a><\/h3><\/div><\/div><\/div><\/article><article class='gutentor-post'><div class=\"gutentor-post-item\"><div class=\"gutentor-post-image-box\"><div class=\"gutentor-image-thumb\"><img width=\"2560\" height=\"1440\" src=\"https:\/\/yerdenizkooperatifi.org\/wp-content\/uploads\/2021\/01\/20200915_110915-scaled.jpg\" class=\"attachment-full size-full wp-post-image\" alt=\"\" loading=\"lazy\" srcset=\"https:\/\/yerdenizkooperatifi.org\/wp-content\/uploads\/2021\/01\/20200915_110915-scaled.jpg 2560w, https:\/\/yerdenizkooperatifi.org\/wp-content\/uploads\/2021\/01\/20200915_110915-649x365.jpg 649w, https:\/\/yerdenizkooperatifi.org\/wp-content\/uploads\/2021\/01\/20200915_110915-840x473.jpg 840w, https:\/\/yerdenizkooperatifi.org\/wp-content\/uploads\/2021\/01\/20200915_110915-500x280.jpg 500w, https:\/\/yerdenizkooperatifi.org\/wp-content\/uploads\/2021\/01\/20200915_110915-768x432.jpg 768w, https:\/\/yerdenizkooperatifi.org\/wp-content\/uploads\/2021\/01\/20200915_110915-1536x864.jpg 1536w, https:\/\/yerdenizkooperatifi.org\/wp-content\/uploads\/2021\/01\/20200915_110915-2048x1152.jpg 2048w, https:\/\/yerdenizkooperatifi.org\/wp-content\/uploads\/2021\/01\/20200915_110915-1360x765.jpg 1360w\" sizes=\"(max-width: 2560px) 100vw, 2560px\" \/><\/div><\/div><div class=\"gutentor-post-content\"><div class=\"gutentor-post-title-data-wrap\"><h3 class=\"gutentor-post-title\"><a href=\"https:\/\/yerdenizkooperatifi.org\/index.php\/2020\/09\/15\/sahinyurdu-koyu-tarimsal-kalkinma-kooperatifi-ziyaretimiz\/\" rel=\"bookmark\">\u015eahinyurdu K\u00f6y\u00fc Tar\u0131msal Kalk\u0131nma Kooperatifi Ziyaretimiz<\/a><\/h3><\/div><\/div><\/div><\/article><article class='gutentor-post'><div class=\"gutentor-post-item\"><div class=\"gutentor-post-image-box\"><div class=\"gutentor-image-thumb\"><img width=\"954\" height=\"549\" src=\"https:\/\/yerdenizkooperatifi.org\/wp-content\/uploads\/2021\/01\/kir-kent-agi.jpg\" class=\"attachment-full size-full wp-post-image\" alt=\"\" loading=\"lazy\" srcset=\"https:\/\/yerdenizkooperatifi.org\/wp-content\/uploads\/2021\/01\/kir-kent-agi.jpg 954w, https:\/\/yerdenizkooperatifi.org\/wp-content\/uploads\/2021\/01\/kir-kent-agi-634x365.jpg 634w, https:\/\/yerdenizkooperatifi.org\/wp-content\/uploads\/2021\/01\/kir-kent-agi-840x483.jpg 840w, https:\/\/yerdenizkooperatifi.org\/wp-content\/uploads\/2021\/01\/kir-kent-agi-768x442.jpg 768w\" sizes=\"(max-width: 954px) 100vw, 954px\" \/><\/div><\/div><div class=\"gutentor-post-content\"><div class=\"gutentor-post-title-data-wrap\"><h3 class=\"gutentor-post-title\"><a href=\"https:\/\/yerdenizkooperatifi.org\/index.php\/2020\/07\/25\/kir-kent-agi-nedir-nasil-calisir\/\" rel=\"bookmark\">K\u0131r Kent A\u011f\u0131 Nedir? Nas\u0131l \u00c7al\u0131\u015f\u0131r?<\/a><\/h3><\/div><\/div><\/div><\/article><\/div><\/div><\/section>\n\n\n<p><a href=\"http:\/\/yerdenizkooperatifi.org\/index.php\/yasami-birlikte-orgutluyoruz\/kir-kent-agi\/\" data-type=\"URL\" data-id=\"http:\/\/yerdenizkooperatifi.org\/index.php\/yasami-birlikte-orgutluyoruz\/kir-kent-agi\/\">Devam\u0131&#8230;<\/a><\/p>\n<\/div><\/div>\n\n\n\n<div id=\"col-gm7a353a\" class=\"wp-block-gutentor-m4-col col-gm7a353a gutentor-single-column  grid-lg-6 grid-md-12 grid-12\"><div id=\"section-gm7a353a\" class=\"section-gm7a353a gutentor-col-wrap\">\n<p class=\"has-text-align-center\"><strong><a href=\"http:\/\/yerdenizkooperatifi.org\/index.php\/yasami-birlikte-orgutluyoruz\/kooperatifler\/\" data-type=\"URL\" data-id=\"http:\/\/yerdenizkooperatifi.org\/index.php\/yasami-birlikte-orgutluyoruz\/kooperatifler\/\">Kooperatifler<\/a><\/strong><\/p>\n\n\n<section class=\"gutentor-post-module section-d8f9ed36-2475-4108-bf27-2eeb27becd14 gutentor-post-module-p1 gutentor_p1_template1 gutentor-blog-list\" id=\"d8f9ed36-2475-4108-bf27-2eeb27becd14\" data-gbid=\"d8f9ed36-2475-4108-bf27-2eeb27becd14\" >\n<div class='grid-container'><div class='grid-row' ><article class='gutentor-post'><div class=\"gutentor-post-item\"><div class=\"gutentor-post-image-box\"><div class=\"gutentor-image-thumb\"><img width=\"186\" height=\"85\" src=\"https:\/\/yerdenizkooperatifi.org\/wp-content\/uploads\/2021\/01\/amesia1.png\" class=\"attachment-full size-full wp-post-image\" alt=\"\" loading=\"lazy\" \/><\/div><\/div><div class=\"gutentor-post-content\"><div class=\"gutentor-post-title-data-wrap\"><h3 class=\"gutentor-post-title\"><a href=\"https:\/\/yerdenizkooperatifi.org\/index.php\/2021\/01\/02\/amesia-calisan-ari-kadinlar-girisimi-ve-isletme-kooperatifi\/\" rel=\"bookmark\">Amesia \u00c7al\u0131\u015fan Ar\u0131 Kad\u0131nlar Giri\u015fimi ve \u0130\u015fletme Kooperatifi<\/a><\/h3><\/div><\/div><\/div><\/article><article class='gutentor-post'><div class=\"gutentor-post-item\"><div class=\"gutentor-post-image-box\"><div class=\"gutentor-image-thumb\"><img width=\"664\" height=\"664\" src=\"https:\/\/yerdenizkooperatifi.org\/wp-content\/uploads\/2021\/01\/defnekadinkoop_logo.jpg\" class=\"attachment-full size-full wp-post-image\" alt=\"\" loading=\"lazy\" srcset=\"https:\/\/yerdenizkooperatifi.org\/wp-content\/uploads\/2021\/01\/defnekadinkoop_logo.jpg 664w, https:\/\/yerdenizkooperatifi.org\/wp-content\/uploads\/2021\/01\/defnekadinkoop_logo-365x365.jpg 365w\" sizes=\"(max-width: 664px) 100vw, 664px\" \/><\/div><\/div><div class=\"gutentor-post-content\"><div class=\"gutentor-post-title-data-wrap\"><h3 class=\"gutentor-post-title\"><a href=\"https:\/\/yerdenizkooperatifi.org\/index.php\/2021\/01\/02\/defne-kadin-girisimi-uretim-ve-isletme-kooperatifi\/\" rel=\"bookmark\">Defne Kad\u0131n Giri\u015fimi \u00dcretim Ve \u0130\u015fletme Kooperatifi<\/a><\/h3><\/div><\/div><\/div><\/article><article class='gutentor-post'><div class=\"gutentor-post-item\"><div class=\"gutentor-post-image-box\"><div class=\"gutentor-image-thumb\"><img width=\"365\" height=\"370\" src=\"https:\/\/yerdenizkooperatifi.org\/wp-content\/uploads\/2021\/01\/devrek-gunesi-logo.jpg\" class=\"attachment-full size-full wp-post-image\" alt=\"\" loading=\"lazy\" srcset=\"https:\/\/yerdenizkooperatifi.org\/wp-content\/uploads\/2021\/01\/devrek-gunesi-logo.jpg 365w, https:\/\/yerdenizkooperatifi.org\/wp-content\/uploads\/2021\/01\/devrek-gunesi-logo-360x365.jpg 360w\" sizes=\"(max-width: 365px) 100vw, 365px\" \/><\/div><\/div><div class=\"gutentor-post-content\"><div class=\"gutentor-post-title-data-wrap\"><h3 class=\"gutentor-post-title\"><a href=\"https:\/\/yerdenizkooperatifi.org\/index.php\/2021\/01\/02\/devrek-gunesi\/\" rel=\"bookmark\">Devrek G\u00fcne\u015fi Tar\u0131msal Kalk\u0131nma Kooperatifi<\/a><\/h3><\/div><\/div><\/div><\/article><article class='gutentor-post'><div class=\"gutentor-post-item\"><div class=\"gutentor-post-image-box\"><div class=\"gutentor-image-thumb\"><img width=\"373\" height=\"287\" src=\"https:\/\/yerdenizkooperatifi.org\/wp-content\/uploads\/2021\/01\/Eldivan.jpg\" class=\"attachment-full size-full wp-post-image\" alt=\"\" loading=\"lazy\" \/><\/div><\/div><div class=\"gutentor-post-content\"><div class=\"gutentor-post-title-data-wrap\"><h3 class=\"gutentor-post-title\"><a href=\"https:\/\/yerdenizkooperatifi.org\/index.php\/2021\/01\/02\/eldivan-kadin-girisimi-uretim-ve-isletme-kooperatifi\/\" rel=\"bookmark\">Eldivan Kad\u0131n Giri\u015fimi \u00dcretim ve \u0130\u015fletme Kooperatifi<\/a><\/h3><\/div><\/div><\/div><\/article><\/div><\/div><\/section>\n\n\n<p><a href=\"http:\/\/yerdenizkooperatifi.org\/index.php\/yasami-birlikte-orgutluyoruz\/kooperatifler\/\" data-type=\"URL\" data-id=\"http:\/\/yerdenizkooperatifi.org\/index.php\/yasami-birlikte-orgutluyoruz\/kooperatifler\/\">Devam\u0131&#8230;<\/a><\/p>\n<\/div><\/div>\n<\/div><\/div><\/section>\n\n\n\n<p><\/p>\n","protected":false},"excerpt":{"rendered":"","protected":false},"author":1,"featured_media":0,"parent":0,"menu_order":0,"comment_status":"closed","ping_status":"closed","template":"","meta":[],"_links":{"self":[{"href":"https:\/\/yerdenizkooperatifi.org\/index.php\/wp-json\/wp\/v2\/pages\/77"}],"collection":[{"href":"https:\/\/yerdenizkooperatifi.org\/index.php\/wp-json\/wp\/v2\/pages"}],"about":[{"href":"https:\/\/yerdenizkooperatifi.org\/index.php\/wp-json\/wp\/v2\/types\/page"}],"author":[{"embeddable":true,"href":"https:\/\/yerdenizkooperatifi.org\/index.php\/wp-json\/wp\/v2\/users\/1"}],"replies":[{"embeddable":true,"href":"https:\/\/yerdenizkooperatifi.org\/index.php\/wp-json\/wp\/v2\/comments?post=77"}],"version-history":[{"count":9,"href":"https:\/\/yerdenizkooperatifi.org\/index.php\/wp-json\/wp\/v2\/pages\/77\/revisions"}],"predecessor-version":[{"id":1500,"href":"https:\/\/yerdenizkooperatifi.org\/index.php\/wp-json\/wp\/v2\/pages\/77\/revisions\/1500"}],"wp:attachment":[{"href":"https:\/\/yerdenizkooperatifi.org\/index.php\/wp-json\/wp\/v2\/media?parent=77"}],"curies":[{"name":"wp","href":"https:\/\/api.w.org\/{rel}","templated":true}]}}